{"id":3285,"date":"2019-09-26T15:48:10","date_gmt":"2019-09-26T13:48:10","guid":{"rendered":"http:\/\/neu.hestasaga.com\/?page_id=3285"},"modified":"2019-10-01T09:00:44","modified_gmt":"2019-10-01T07:00:44","slug":"hafa-samband","status":"publish","type":"page","link":"https:\/\/www.hestasaga.com\/is\/hafa-samband\/","title":{"rendered":"HAFA SAMBAND"},"content":{"rendered":"\t\t<div data-elementor-type=\"wp-post\" data-elementor-id=\"3285\" class=\"elementor elementor-3285 elementor-803\" data-elementor-post-type=\"page\">\n\t\t\t\t\t\t\t\t\t<section class=\"elementor-section elementor-top-section elementor-element elementor-element-6f48d08 elementor-section-boxed elementor-section-height-default elementor-section-height-default\" data-id=\"6f48d08\" data-element_type=\"section\">\n\t\t\t\t\t\t<div class=\"elementor-container elementor-column-gap-default\">\n\t\t\t\t\t<div class=\"elementor-column elementor-col-100 elementor-top-column elementor-element elementor-element-9ed4903\" data-id=\"9ed4903\" data-element_type=\"column\">\n\t\t\t<div class=\"elementor-widget-wrap elementor-element-populated\">\n\t\t\t\t\t\t\t\t<div class=\"elementor-element elementor-element-8038f4e elementor-widget elementor-widget-heading\" data-id=\"8038f4e\" data-element_type=\"widget\" data-widget_type=\"heading.default\">\n\t\t\t\t<div class=\"elementor-widget-container\">\n\t\t\t<h2 class=\"elementor-heading-title elementor-size-default\">HAFA SAMBAND<\/h2>\t\t<\/div>\n\t\t\t\t<\/div>\n\t\t\t\t\t<\/div>\n\t\t<\/div>\n\t\t\t\t\t\t\t<\/div>\n\t\t<\/section>\n\t\t\t\t<section class=\"elementor-section elementor-top-section elementor-element elementor-element-ac04355 elementor-section-boxed elementor-section-height-default elementor-section-height-default\" data-id=\"ac04355\" data-element_type=\"section\">\n\t\t\t\t\t\t<div class=\"elementor-container elementor-column-gap-default\">\n\t\t\t\t\t<div class=\"elementor-column elementor-col-66 elementor-top-column elementor-element elementor-element-719e3ab\" data-id=\"719e3ab\" data-element_type=\"column\">\n\t\t\t<div class=\"elementor-widget-wrap elementor-element-populated\">\n\t\t\t\t\t\t\t\t<div class=\"elementor-element elementor-element-8f80b2a elementor-widget elementor-widget-text-editor\" data-id=\"8f80b2a\" data-element_type=\"widget\" data-widget_type=\"text-editor.default\">\n\t\t\t\t<div class=\"elementor-widget-container\">\n\t\t\t\t\t\t\t<div class=\"et_pb_row et_pb_row_2\"><div class=\"et_pb_column et_pb_column_4_4 et_pb_column_3 et_pb_css_mix_blend_mode_passthrough et-last-child\"><div class=\"et_pb_module et_pb_text et_pb_text_2 et_pb_bg_layout_light et_pb_text_align_left\"><div class=\"et_pb_text_inner\"><p>K\u00e6ri hestama\u00f0ur!<\/p><p>Hefur \u00fe\u00fa ekki upplifa\u00f0 eitthva\u00f0 eftirminnilegt me\u00f0 hestinum \u00fe\u00ednum sem \u00feig langar til a\u00f0 deila me\u00f0 okkur og lesendum vefs\u00ed\u00f0unnar okkar?<\/p><p>Ef \u00fea\u00f0 er tilfelli\u00f0, \u00fe\u00e1 er \u00fe\u00e9r velkomi\u00f0 a\u00f0 hafa samband vi\u00f0 okkur. Vi\u00f0 b\u00ed\u00f0um spenntar eftir a\u00f0 heyra fr\u00e1 ykkur.<\/p><\/div><\/div><\/div><\/div>\t\t\t\t\t\t<\/div>\n\t\t\t\t<\/div>\n\t\t\t\t<section class=\"elementor-section elementor-inner-section elementor-element elementor-element-8e016ee elementor-section-boxed elementor-section-height-default elementor-section-height-default\" data-id=\"8e016ee\" data-element_type=\"section\">\n\t\t\t\t\t\t<div class=\"elementor-container elementor-column-gap-no\">\n\t\t\t\t\t<div class=\"elementor-column elementor-col-50 elementor-inner-column elementor-element elementor-element-771d52e\" data-id=\"771d52e\" data-element_type=\"column\">\n\t\t\t<div class=\"elementor-widget-wrap elementor-element-populated\">\n\t\t\t\t\t\t\t\t<div class=\"elementor-element elementor-element-8d1e1ae elementor-widget elementor-widget-text-editor\" data-id=\"8d1e1ae\" data-element_type=\"widget\" data-widget_type=\"text-editor.default\">\n\t\t\t\t<div class=\"elementor-widget-container\">\n\t\t\t\t\t\t\t<p>Dr. Monika Papenfu\u00df<br \/>Freyenbergerweg 11<br \/>DE-53639 K\u00f6nigswinter<\/p><p>Fars\u00edman\u00famer: +49-1578-5723156<br \/>Netfang: <a href=\"mailto:monika@hestasaga.com\">monika@hestasaga.com<\/a><\/p>\t\t\t\t\t\t<\/div>\n\t\t\t\t<\/div>\n\t\t\t\t\t<\/div>\n\t\t<\/div>\n\t\t\t\t<div class=\"elementor-column elementor-col-50 elementor-inner-column elementor-element elementor-element-2538abb\" data-id=\"2538abb\" data-element_type=\"column\">\n\t\t\t<div class=\"elementor-widget-wrap elementor-element-populated\">\n\t\t\t\t\t\t\t\t<div class=\"elementor-element elementor-element-4bbfa7c elementor-widget elementor-widget-text-editor\" data-id=\"4bbfa7c\" data-element_type=\"widget\" data-widget_type=\"text-editor.default\">\n\t\t\t\t<div class=\"elementor-widget-container\">\n\t\t\t\t\t\t\t<p>Krist\u00edn Halld\u00f3rsd\u00f3ttir<br \/>Stephanstr. 2<br \/>DE-53639 K\u00f6nigswinter<\/p><p>Fars\u00edman\u00famer: +49-151-52359504<br \/>Netfang: <a href=\"mailto:kristin@hestasaga.com\">kristin@hestasaga.com<\/a><\/p>\t\t\t\t\t\t<\/div>\n\t\t\t\t<\/div>\n\t\t\t\t\t<\/div>\n\t\t<\/div>\n\t\t\t\t\t\t\t<\/div>\n\t\t<\/section>\n\t\t\t\t\t<\/div>\n\t\t<\/div>\n\t\t\t\t<div class=\"elementor-column elementor-col-33 elementor-top-column elementor-element elementor-element-896259c\" data-id=\"896259c\" data-element_type=\"column\">\n\t\t\t<div class=\"elementor-widget-wrap elementor-element-populated\">\n\t\t\t\t\t\t\t\t<div class=\"elementor-element elementor-element-47b8650 elementor-position-left elementor-vertical-align-middle elementor-widget elementor-widget-image-box\" data-id=\"47b8650\" data-element_type=\"widget\" data-widget_type=\"image-box.default\">\n\t\t\t\t<div class=\"elementor-widget-container\">\n\t\t\t<div class=\"elementor-image-box-wrapper\"><figure class=\"elementor-image-box-img\"><img src=\"https:\/\/www.hestasaga.com\/wp-content\/uploads\/feather-and-ink.svg\" class=\"attachment-full size-full wp-image-38\" alt=\"\" \/><\/figure><div class=\"elementor-image-box-content\"><h4 class=\"elementor-image-box-title\">Viltu deila \u00feinni hestas\u00f6gu me\u00f0 okkur!<\/h4><\/div><\/div>\t\t<\/div>\n\t\t\t\t<\/div>\n\t\t\t\t<div class=\"elementor-element elementor-element-2e65e1c elementor-widget elementor-widget-text-editor\" data-id=\"2e65e1c\" data-element_type=\"widget\" data-widget_type=\"text-editor.default\">\n\t\t\t\t<div class=\"elementor-widget-container\">\n\t\t\t\t\t\t\t<p>Hefur \u00fe\u00fa upplifa\u00f0 eitthva\u00f0 eftirminnilegt \u00ed samskiptum \u00fe\u00ednum vi\u00f0 hross e\u00f0a kannski sami\u00f0 stutta hestas\u00f6gu?<\/p><p>Ef svo er, endilega sendu okkur s\u00f6guna \u00fe\u00edna!<\/p><p><a id=\"contactform\" href=\"#\">SENDA INN S\u00d6GU<\/a><\/p>\t\t\t\t\t\t<\/div>\n\t\t\t\t<\/div>\n\t\t\t\t\t<\/div>\n\t\t<\/div>\n\t\t\t\t\t\t\t<\/div>\n\t\t<\/section>\n\t\t\t\t<section class=\"elementor-section elementor-top-section elementor-element elementor-element-bfa850a elementor-section-boxed elementor-section-height-default elementor-section-height-default\" data-id=\"bfa850a\" data-element_type=\"section\">\n\t\t\t\t\t\t<div class=\"elementor-container elementor-column-gap-default\">\n\t\t\t\t\t<div class=\"elementor-column elementor-col-100 elementor-top-column elementor-element elementor-element-98d5385\" data-id=\"98d5385\" data-element_type=\"column\">\n\t\t\t<div class=\"elementor-widget-wrap elementor-element-populated\">\n\t\t\t\t\t\t\t\t<div class=\"elementor-element elementor-element-2eb11c1 elementor-button-align-end elementor-widget elementor-widget-form\" data-id=\"2eb11c1\" data-element_type=\"widget\" data-settings=\"{&quot;button_width&quot;:&quot;100&quot;,&quot;step_next_label&quot;:&quot;Next&quot;,&quot;step_previous_label&quot;:&quot;Previous&quot;,&quot;step_type&quot;:&quot;number_text&quot;,&quot;step_icon_shape&quot;:&quot;circle&quot;}\" data-widget_type=\"form.default\">\n\t\t\t\t<div class=\"elementor-widget-container\">\n\t\t\t\t\t<form class=\"elementor-form\" method=\"post\" name=\"Neues Formular\">\n\t\t\t<input type=\"hidden\" name=\"post_id\" value=\"3285\"\/>\n\t\t\t<input type=\"hidden\" name=\"form_id\" value=\"2eb11c1\"\/>\n\t\t\t<input type=\"hidden\" name=\"referer_title\" value=\"Hestasaga\" \/>\n\n\t\t\t\n\t\t\t<div class=\"elementor-form-fields-wrapper elementor-labels-\">\n\t\t\t\t\t\t\t\t<div class=\"elementor-field-type-html elementor-field-group elementor-column elementor-field-group-field_4 elementor-col-100\">\n\t\t\t\t\t<h5>PERS\u00d3NULEGAR UPPL\u00ddSINGAR<\/h5>\t\t\t\t<\/div>\n\t\t\t\t\t\t\t\t<div class=\"elementor-field-type-text elementor-field-group elementor-column elementor-field-group-name elementor-col-50 elementor-field-required\">\n\t\t\t\t\t\t\t\t\t\t\t\t<label for=\"form-field-name\" class=\"elementor-field-label elementor-screen-only\">\n\t\t\t\t\t\t\t\tName\t\t\t\t\t\t\t<\/label>\n\t\t\t\t\t\t\t\t\t\t\t\t\t\t<input size=\"1\" type=\"text\" name=\"form_fields[name]\" id=\"form-field-name\" class=\"elementor-field elementor-size-sm  elementor-field-textual\" placeholder=\"Nafn\" required=\"required\" aria-required=\"true\">\n\t\t\t\t\t\t\t\t\t\t\t<\/div>\n\t\t\t\t\t\t\t\t<div class=\"elementor-field-type-text elementor-field-group elementor-column elementor-field-group-field_1 elementor-col-50\">\n\t\t\t\t\t\t\t\t\t\t\t\t<label for=\"form-field-field_1\" class=\"elementor-field-label elementor-screen-only\">\n\t\t\t\t\t\t\t\tWohnort\t\t\t\t\t\t\t<\/label>\n\t\t\t\t\t\t\t\t\t\t\t\t\t\t<input size=\"1\" type=\"text\" name=\"form_fields[field_1]\" id=\"form-field-field_1\" class=\"elementor-field elementor-size-sm  elementor-field-textual\" placeholder=\"Heimilisfang\">\n\t\t\t\t\t\t\t\t\t\t\t<\/div>\n\t\t\t\t\t\t\t\t<div class=\"elementor-field-type-email elementor-field-group elementor-column elementor-field-group-email elementor-col-50 elementor-field-required\">\n\t\t\t\t\t\t\t\t\t\t\t\t<label for=\"form-field-email\" class=\"elementor-field-label elementor-screen-only\">\n\t\t\t\t\t\t\t\tE-Mail\t\t\t\t\t\t\t<\/label>\n\t\t\t\t\t\t\t\t\t\t\t\t\t\t<input size=\"1\" type=\"email\" name=\"form_fields[email]\" id=\"form-field-email\" class=\"elementor-field elementor-size-sm  elementor-field-textual\" placeholder=\"Netfang\" required=\"required\" aria-required=\"true\">\n\t\t\t\t\t\t\t\t\t\t\t<\/div>\n\t\t\t\t\t\t\t\t<div class=\"elementor-field-type-tel elementor-field-group elementor-column elementor-field-group-field_2 elementor-col-50\">\n\t\t\t\t\t\t\t\t\t\t\t\t<label for=\"form-field-field_2\" class=\"elementor-field-label elementor-screen-only\">\n\t\t\t\t\t\t\t\tMobil Rufnummer\t\t\t\t\t\t\t<\/label>\n\t\t\t\t\t\t\t\t<input size=\"1\" type=\"tel\" name=\"form_fields[field_2]\" id=\"form-field-field_2\" class=\"elementor-field elementor-size-sm  elementor-field-textual\" placeholder=\"Fars\u00edman\u00famer\" pattern=\"[0-9()#&amp;+*-=.]+\" title=\"Only numbers and phone characters (#, -, *, etc) are accepted.\">\n\n\t\t\t\t\t\t<\/div>\n\t\t\t\t\t\t\t\t<div class=\"elementor-field-type-textarea elementor-field-group elementor-column elementor-field-group-message elementor-col-100\">\n\t\t\t\t\t\t\t\t\t\t\t\t<label for=\"form-field-message\" class=\"elementor-field-label elementor-screen-only\">\n\t\t\t\t\t\t\t\tNachricht\t\t\t\t\t\t\t<\/label>\n\t\t\t\t\t\t<textarea class=\"elementor-field-textual elementor-field  elementor-size-sm\" name=\"form_fields[message]\" id=\"form-field-message\" rows=\"6\" placeholder=\"Skilabo\u00f0 til okkar\"><\/textarea>\t\t\t\t<\/div>\n\t\t\t\t\t\t\t\t<div class=\"elementor-field-type-html elementor-field-group elementor-column elementor-field-group-field_12 elementor-col-100\">\n\t\t\t\t\t\t\t\t\t<\/div>\n\t\t\t\t\t\t\t\t<div class=\"elementor-field-type-acceptance elementor-field-group elementor-column elementor-field-group-field_13 elementor-col-100\">\n\t\t\t\t\t\t\t<div class=\"elementor-field-subgroup\">\n\t\t\t<span class=\"elementor-field-option\">\n\t\t\t\t<input type=\"checkbox\" name=\"form_fields[field_13]\" id=\"form-field-field_13\" class=\"elementor-field elementor-size-sm  elementor-acceptance-field\">\n\t\t\t\t<label for=\"form-field-field_13\">\u00c9g hef er b\u00fain a\u00f0 lesa yfirl\u00fdsingu um pers\u00f3nuvernd <a href=\"\/privacy-policy\/?lang=is\" target=\"_blank\">pers\u00f3nuvernd<\/a>.<\/label>\t\t\t<\/span>\n\t\t<\/div>\n\t\t\t\t\t\t<\/div>\n\t\t\t\t\t\t\t\t<div class=\"elementor-field-group elementor-column elementor-field-type-submit elementor-col-100 e-form__buttons\">\n\t\t\t\t\t<button type=\"submit\" class=\"elementor-button elementor-size-sm\">\n\t\t\t\t\t\t<span >\n\t\t\t\t\t\t\t\t\t\t\t\t\t\t\t<span class=\" elementor-button-icon\">\n\t\t\t\t\t\t\t\t\t\t\t\t\t\t\t\t\t\t\t\t\t\t\t\t\t\t<\/span>\n\t\t\t\t\t\t\t\t\t\t\t\t\t\t\t\t\t\t\t\t\t\t<span class=\"elementor-button-text\">SENDA<\/span>\n\t\t\t\t\t\t\t\t\t\t\t\t\t<\/span>\n\t\t\t\t\t<\/button>\n\t\t\t\t<\/div>\n\t\t\t<\/div>\n\t\t<\/form>\n\t\t\t\t<\/div>\n\t\t\t\t<\/div>\n\t\t\t\t\t<\/div>\n\t\t<\/div>\n\t\t\t\t\t\t\t<\/div>\n\t\t<\/section>\n\t\t\t\t\t\t\t<\/div>\n\t\t","protected":false},"excerpt":{"rendered":"<p>HAFA SAMBAND K\u00e6ri hestama\u00f0ur! Hefur \u00fe\u00fa ekki upplifa\u00f0 eitthva\u00f0 eftirminnilegt me\u00f0 hestinum \u00fe\u00ednum sem \u00feig langar til a\u00f0 deila me\u00f0 okkur og lesendum vefs\u00ed\u00f0unnar okkar? Ef \u00fea\u00f0 er tilfelli\u00f0, \u00fe\u00e1 er \u00fe\u00e9r velkomi\u00f0 a\u00f0 hafa samband vi\u00f0 okkur. Vi\u00f0 b\u00ed\u00f0um spenntar eftir a\u00f0 heyra fr\u00e1 ykkur. Dr. Monika Papenfu\u00dfFreyenbergerweg 11DE-53639 K\u00f6nigswinter Fars\u00edman\u00famer: +49-1578-5723156Netfang: monika@hestasaga.com Krist\u00edn [&hellip;]<\/p>\n","protected":false},"author":5,"featured_media":0,"parent":0,"menu_order":0,"comment_status":"closed","ping_status":"closed","template":"","meta":{"episode_type":"","audio_file":"","cover_image":"","cover_image_id":"","duration":"","filesize":"","date_recorded":"","explicit":"","block":"","filesize_raw":""},"acf":[],"yoast_head":"<!-- This site is optimized with the Yoast SEO plugin v19.7.1 - https:\/\/yoast.com\/wordpress\/plugins\/seo\/ -->\n<title>HAFA SAMBAND - Hestasaga<\/title>\n<meta name=\"robots\" content=\"index, follow, max-snippet:-1, max-image-preview:large, max-video-preview:-1\" \/>\n<link rel=\"canonical\" href=\"https:\/\/www.hestasaga.com\/is\/hafa-samband\/\" \/>\n<meta property=\"og:locale\" content=\"is_IS\" \/>\n<meta property=\"og:type\" content=\"article\" \/>\n<meta property=\"og:title\" content=\"HAFA SAMBAND - Hestasaga\" \/>\n<meta property=\"og:description\" content=\"HAFA SAMBAND K\u00e6ri hestama\u00f0ur! Hefur \u00fe\u00fa ekki upplifa\u00f0 eitthva\u00f0 eftirminnilegt me\u00f0 hestinum \u00fe\u00ednum sem \u00feig langar til a\u00f0 deila me\u00f0 okkur og lesendum vefs\u00ed\u00f0unnar okkar? Ef \u00fea\u00f0 er tilfelli\u00f0, \u00fe\u00e1 er \u00fe\u00e9r velkomi\u00f0 a\u00f0 hafa samband vi\u00f0 okkur. Vi\u00f0 b\u00ed\u00f0um spenntar eftir a\u00f0 heyra fr\u00e1 ykkur. Dr. Monika Papenfu\u00dfFreyenbergerweg 11DE-53639 K\u00f6nigswinter Fars\u00edman\u00famer: +49-1578-5723156Netfang: monika@hestasaga.com Krist\u00edn [&hellip;]\" \/>\n<meta property=\"og:url\" content=\"https:\/\/www.hestasaga.com\/is\/hafa-samband\/\" \/>\n<meta property=\"og:site_name\" content=\"Hestasaga\" \/>\n<meta property=\"article:publisher\" content=\"https:\/\/www.facebook.com\/hestasaga\/\" \/>\n<meta property=\"article:modified_time\" content=\"2019-10-01T07:00:44+00:00\" \/>\n<meta property=\"og:image\" content=\"https:\/\/www.hestasaga.com\/wp-content\/uploads\/feather-and-ink.svg\" \/>\n<meta name=\"twitter:card\" content=\"summary_large_image\" \/>\n<meta name=\"twitter:site\" content=\"@Hestasaga\" \/>\n<meta name=\"twitter:label1\" content=\"Est. reading time\" \/>\n\t<meta name=\"twitter:data1\" content=\"1 minute\" \/>\n<script type=\"application\/ld+json\" class=\"yoast-schema-graph\">{\"@context\":\"https:\/\/schema.org\",\"@graph\":[{\"@type\":\"WebPage\",\"@id\":\"https:\/\/www.hestasaga.com\/is\/hafa-samband\/\",\"url\":\"https:\/\/www.hestasaga.com\/is\/hafa-samband\/\",\"name\":\"HAFA SAMBAND - Hestasaga\",\"isPartOf\":{\"@id\":\"https:\/\/www.hestasaga.com\/en\/#website\"},\"datePublished\":\"2019-09-26T13:48:10+00:00\",\"dateModified\":\"2019-10-01T07:00:44+00:00\",\"breadcrumb\":{\"@id\":\"https:\/\/www.hestasaga.com\/is\/hafa-samband\/#breadcrumb\"},\"inLanguage\":\"is\",\"potentialAction\":[{\"@type\":\"ReadAction\",\"target\":[\"https:\/\/www.hestasaga.com\/is\/hafa-samband\/\"]}]},{\"@type\":\"BreadcrumbList\",\"@id\":\"https:\/\/www.hestasaga.com\/is\/hafa-samband\/#breadcrumb\",\"itemListElement\":[{\"@type\":\"ListItem\",\"position\":1,\"name\":\"Startseite\",\"item\":\"https:\/\/www.hestasaga.com\/is\/\"},{\"@type\":\"ListItem\",\"position\":2,\"name\":\"HAFA SAMBAND\"}]},{\"@type\":\"WebSite\",\"@id\":\"https:\/\/www.hestasaga.com\/en\/#website\",\"url\":\"https:\/\/www.hestasaga.com\/en\/\",\"name\":\"Hestasaga\",\"description\":\"\",\"publisher\":{\"@id\":\"https:\/\/www.hestasaga.com\/en\/#organization\"},\"potentialAction\":[{\"@type\":\"SearchAction\",\"target\":{\"@type\":\"EntryPoint\",\"urlTemplate\":\"https:\/\/www.hestasaga.com\/en\/?s={search_term_string}\"},\"query-input\":\"required name=search_term_string\"}],\"inLanguage\":\"is\"},{\"@type\":\"Organization\",\"@id\":\"https:\/\/www.hestasaga.com\/en\/#organization\",\"name\":\"HestaSaga\",\"url\":\"https:\/\/www.hestasaga.com\/en\/\",\"sameAs\":[\"https:\/\/www.instagram.com\/hestasaga\/\",\"https:\/\/www.facebook.com\/hestasaga\/\",\"https:\/\/twitter.com\/Hestasaga\"],\"logo\":{\"@type\":\"ImageObject\",\"inLanguage\":\"is\",\"@id\":\"https:\/\/www.hestasaga.com\/en\/#\/schema\/logo\/image\/\",\"url\":\"https:\/\/www.hestasaga.com\/wp-content\/uploads\/hestasaga_logo.png\",\"contentUrl\":\"https:\/\/www.hestasaga.com\/wp-content\/uploads\/hestasaga_logo.png\",\"width\":600,\"height\":214,\"caption\":\"HestaSaga\"},\"image\":{\"@id\":\"https:\/\/www.hestasaga.com\/en\/#\/schema\/logo\/image\/\"}}]}<\/script>\n<!-- \/ Yoast SEO plugin. -->","yoast_head_json":{"title":"HAFA SAMBAND - Hestasaga","robots":{"index":"index","follow":"follow","max-snippet":"max-snippet:-1","max-image-preview":"max-image-preview:large","max-video-preview":"max-video-preview:-1"},"canonical":"https:\/\/www.hestasaga.com\/is\/hafa-samband\/","og_locale":"is_IS","og_type":"article","og_title":"HAFA SAMBAND - Hestasaga","og_description":"HAFA SAMBAND K\u00e6ri hestama\u00f0ur! Hefur \u00fe\u00fa ekki upplifa\u00f0 eitthva\u00f0 eftirminnilegt me\u00f0 hestinum \u00fe\u00ednum sem \u00feig langar til a\u00f0 deila me\u00f0 okkur og lesendum vefs\u00ed\u00f0unnar okkar? Ef \u00fea\u00f0 er tilfelli\u00f0, \u00fe\u00e1 er \u00fe\u00e9r velkomi\u00f0 a\u00f0 hafa samband vi\u00f0 okkur. Vi\u00f0 b\u00ed\u00f0um spenntar eftir a\u00f0 heyra fr\u00e1 ykkur. Dr. Monika Papenfu\u00dfFreyenbergerweg 11DE-53639 K\u00f6nigswinter Fars\u00edman\u00famer: +49-1578-5723156Netfang: monika@hestasaga.com Krist\u00edn [&hellip;]","og_url":"https:\/\/www.hestasaga.com\/is\/hafa-samband\/","og_site_name":"Hestasaga","article_publisher":"https:\/\/www.facebook.com\/hestasaga\/","article_modified_time":"2019-10-01T07:00:44+00:00","og_image":[{"url":"https:\/\/www.hestasaga.com\/wp-content\/uploads\/feather-and-ink.svg"}],"twitter_card":"summary_large_image","twitter_site":"@Hestasaga","twitter_misc":{"Est. reading time":"1 minute"},"schema":{"@context":"https:\/\/schema.org","@graph":[{"@type":"WebPage","@id":"https:\/\/www.hestasaga.com\/is\/hafa-samband\/","url":"https:\/\/www.hestasaga.com\/is\/hafa-samband\/","name":"HAFA SAMBAND - Hestasaga","isPartOf":{"@id":"https:\/\/www.hestasaga.com\/en\/#website"},"datePublished":"2019-09-26T13:48:10+00:00","dateModified":"2019-10-01T07:00:44+00:00","breadcrumb":{"@id":"https:\/\/www.hestasaga.com\/is\/hafa-samband\/#breadcrumb"},"inLanguage":"is","potentialAction":[{"@type":"ReadAction","target":["https:\/\/www.hestasaga.com\/is\/hafa-samband\/"]}]},{"@type":"BreadcrumbList","@id":"https:\/\/www.hestasaga.com\/is\/hafa-samband\/#breadcrumb","itemListElement":[{"@type":"ListItem","position":1,"name":"Startseite","item":"https:\/\/www.hestasaga.com\/is\/"},{"@type":"ListItem","position":2,"name":"HAFA SAMBAND"}]},{"@type":"WebSite","@id":"https:\/\/www.hestasaga.com\/en\/#website","url":"https:\/\/www.hestasaga.com\/en\/","name":"Hestasaga","description":"","publisher":{"@id":"https:\/\/www.hestasaga.com\/en\/#organization"},"potentialAction":[{"@type":"SearchAction","target":{"@type":"EntryPoint","urlTemplate":"https:\/\/www.hestasaga.com\/en\/?s={search_term_string}"},"query-input":"required name=search_term_string"}],"inLanguage":"is"},{"@type":"Organization","@id":"https:\/\/www.hestasaga.com\/en\/#organization","name":"HestaSaga","url":"https:\/\/www.hestasaga.com\/en\/","sameAs":["https:\/\/www.instagram.com\/hestasaga\/","https:\/\/www.facebook.com\/hestasaga\/","https:\/\/twitter.com\/Hestasaga"],"logo":{"@type":"ImageObject","inLanguage":"is","@id":"https:\/\/www.hestasaga.com\/en\/#\/schema\/logo\/image\/","url":"https:\/\/www.hestasaga.com\/wp-content\/uploads\/hestasaga_logo.png","contentUrl":"https:\/\/www.hestasaga.com\/wp-content\/uploads\/hestasaga_logo.png","width":600,"height":214,"caption":"HestaSaga"},"image":{"@id":"https:\/\/www.hestasaga.com\/en\/#\/schema\/logo\/image\/"}}]}},"_links":{"self":[{"href":"https:\/\/www.hestasaga.com\/is\/wp-json\/wp\/v2\/pages\/3285"}],"collection":[{"href":"https:\/\/www.hestasaga.com\/is\/wp-json\/wp\/v2\/pages"}],"about":[{"href":"https:\/\/www.hestasaga.com\/is\/wp-json\/wp\/v2\/types\/page"}],"author":[{"embeddable":true,"href":"https:\/\/www.hestasaga.com\/is\/wp-json\/wp\/v2\/users\/5"}],"replies":[{"embeddable":true,"href":"https:\/\/www.hestasaga.com\/is\/wp-json\/wp\/v2\/comments?post=3285"}],"version-history":[{"count":7,"href":"https:\/\/www.hestasaga.com\/is\/wp-json\/wp\/v2\/pages\/3285\/revisions"}],"predecessor-version":[{"id":3578,"href":"https:\/\/www.hestasaga.com\/is\/wp-json\/wp\/v2\/pages\/3285\/revisions\/3578"}],"wp:attachment":[{"href":"https:\/\/www.hestasaga.com\/is\/wp-json\/wp\/v2\/media?parent=3285"}],"curies":[{"name":"wp","href":"https:\/\/api.w.org\/{rel}","templated":true}]}}