{"id":2944,"date":"2019-09-23T17:10:14","date_gmt":"2019-09-23T15:10:14","guid":{"rendered":"http:\/\/neu.hestasaga.com\/?page_id=2944"},"modified":"2019-10-09T11:12:08","modified_gmt":"2019-10-09T09:12:08","slug":"hitt-og-thetta","status":"publish","type":"page","link":"https:\/\/www.hestasaga.com\/is\/hitt-og-thetta\/","title":{"rendered":"HITT OG \u00deETTA"},"content":{"rendered":"\t\t<div data-elementor-type=\"wp-post\" data-elementor-id=\"2944\" class=\"elementor elementor-2944 elementor-9\" data-elementor-post-type=\"page\">\n\t\t\t\t\t\t\t\t\t<section class=\"elementor-section elementor-top-section elementor-element elementor-element-ccbb2f2 elementor-section-boxed elementor-section-height-default elementor-section-height-default\" data-id=\"ccbb2f2\" data-element_type=\"section\">\n\t\t\t\t\t\t<div class=\"elementor-container elementor-column-gap-default\">\n\t\t\t\t\t<div class=\"elementor-column elementor-col-66 elementor-top-column elementor-element elementor-element-fe9480d\" data-id=\"fe9480d\" data-element_type=\"column\">\n\t\t\t<div class=\"elementor-widget-wrap elementor-element-populated\">\n\t\t\t\t\t\t\t\t<div class=\"elementor-element elementor-element-c11927e elementor-widget elementor-widget-heading\" data-id=\"c11927e\" data-element_type=\"widget\" data-widget_type=\"heading.default\">\n\t\t\t\t<div class=\"elementor-widget-container\">\n\t\t\t<h2 class=\"elementor-heading-title elementor-size-default\">HITT OG \u00deETTA<\/h2>\t\t<\/div>\n\t\t\t\t<\/div>\n\t\t\t\t<div class=\"elementor-element elementor-element-a8f1012 elementor-widget elementor-widget-text-editor\" data-id=\"a8f1012\" data-element_type=\"widget\" data-widget_type=\"text-editor.default\">\n\t\t\t\t<div class=\"elementor-widget-container\">\n\t\t\t\t\t\t\t<p>V\u00edde\u00f3, hlj\u00f3\u00f0uppt\u00f6kur og margt fleira<\/p>\t\t\t\t\t\t<\/div>\n\t\t\t\t<\/div>\n\t\t\t\t\t<\/div>\n\t\t<\/div>\n\t\t\t\t<div class=\"elementor-column elementor-col-33 elementor-top-column elementor-element elementor-element-cf9a1f4\" data-id=\"cf9a1f4\" data-element_type=\"column\">\n\t\t\t<div class=\"elementor-widget-wrap elementor-element-populated\">\n\t\t\t\t\t\t\t\t<div class=\"elementor-element elementor-element-b1a163a textlink elementor-widget elementor-widget-text-editor\" data-id=\"b1a163a\" data-element_type=\"widget\" data-widget_type=\"text-editor.default\">\n\t\t\t\t<div class=\"elementor-widget-container\">\n\t\t\t\t\t\t\t<a href=\"https:\/\/www.hestasaga.com\/is\/sogur\/\">Fara \u00ed s\u00f6gurnar \u00bb<\/a>\t\t\t\t\t\t<\/div>\n\t\t\t\t<\/div>\n\t\t\t\t\t<\/div>\n\t\t<\/div>\n\t\t\t\t\t\t\t<\/div>\n\t\t<\/section>\n\t\t\t\t<section class=\"elementor-section elementor-top-section elementor-element elementor-element-a3ddde4 elementor-section-boxed elementor-section-height-default elementor-section-height-default\" data-id=\"a3ddde4\" data-element_type=\"section\">\n\t\t\t\t\t\t<div class=\"elementor-container elementor-column-gap-default\">\n\t\t\t\t\t<div class=\"elementor-column elementor-col-100 elementor-top-column elementor-element elementor-element-3d8bc55\" data-id=\"3d8bc55\" data-element_type=\"column\">\n\t\t\t<div class=\"elementor-widget-wrap elementor-element-populated\">\n\t\t\t\t\t\t\t\t<div class=\"elementor-element elementor-element-a1a8cc7 elementor-grid-3 elementor-grid-tablet-2 elementor-grid-mobile-1 elementor-posts--thumbnail-top elementor-card-shadow-yes elementor-posts__hover-gradient elementor-widget elementor-widget-posts\" data-id=\"a1a8cc7\" data-element_type=\"widget\" data-settings=\"{&quot;cards_masonry&quot;:&quot;yes&quot;,&quot;pagination_type&quot;:&quot;numbers_and_prev_next&quot;,&quot;cards_columns&quot;:&quot;3&quot;,&quot;cards_columns_tablet&quot;:&quot;2&quot;,&quot;cards_columns_mobile&quot;:&quot;1&quot;,&quot;cards_row_gap&quot;:{&quot;unit&quot;:&quot;px&quot;,&quot;size&quot;:35,&quot;sizes&quot;:[]},&quot;cards_row_gap_tablet&quot;:{&quot;unit&quot;:&quot;px&quot;,&quot;size&quot;:&quot;&quot;,&quot;sizes&quot;:[]},&quot;cards_row_gap_mobile&quot;:{&quot;unit&quot;:&quot;px&quot;,&quot;size&quot;:&quot;&quot;,&quot;sizes&quot;:[]}}\" data-widget_type=\"posts.cards\">\n\t\t\t\t<div class=\"elementor-widget-container\">\n\t\t\t\t\t<div class=\"elementor-posts-container elementor-posts elementor-posts--skin-cards elementor-grid\">\n\t\t\t\t<article class=\"elementor-post elementor-grid-item post-2965 panorama type-panorama status-publish has-post-thumbnail hentry\">\n\t\t\t<div class=\"elementor-post__card\">\n\t\t\t\t<a class=\"elementor-post__thumbnail__link\" href=\"https:\/\/www.hestasaga.com\/is\/panorama\/vinatengsl-endurvakin-i-gegnum-hestasogu\/\" tabindex=\"-1\" ><div class=\"elementor-post__thumbnail\"><img fetchpriority=\"high\" width=\"300\" height=\"225\" src=\"https:\/\/www.hestasaga.com\/wp-content\/uploads\/Hestur-2018-vatnslitir-300x225.jpg\" class=\"attachment-medium size-medium wp-image-687\" alt=\"\" srcset=\"https:\/\/www.hestasaga.com\/wp-content\/uploads\/Hestur-2018-vatnslitir-300x225.jpg 300w, https:\/\/www.hestasaga.com\/wp-content\/uploads\/Hestur-2018-vatnslitir-768x576.jpg 768w, https:\/\/www.hestasaga.com\/wp-content\/uploads\/Hestur-2018-vatnslitir.jpg 1000w\" sizes=\"(max-width: 300px) 100vw, 300px\" \/><\/div><\/a>\n\t\t\t\t<div class=\"elementor-post__text\">\n\t\t\t\t<h3 class=\"elementor-post__title\">\n\t\t\t<a href=\"https:\/\/www.hestasaga.com\/is\/panorama\/vinatengsl-endurvakin-i-gegnum-hestasogu\/\" >\n\t\t\t\tHVERNIG TENGJAST MYNDLIST OG HESTASAGA?\t\t\t<\/a>\n\t\t<\/h3>\n\t\t\t\t<div class=\"elementor-post__excerpt\">\n\t\t\t<p>Lesendur HestaS\u00f6gu hafa eflaust teki\u00f0 eftir hinum fallegu vatnslitamyndum eftir Mar\u00edu S. G\u00edslad\u00f3ttur sem pr\u00fd\u00f0a \u00fdmsar s\u00f6gur \u00e1 s\u00ed\u00f0unni okkar. Mar\u00eda sem hefur m\u00e1la\u00f0 myndir<\/p>\n\t\t<\/div>\n\t\t\n\t\t<a class=\"elementor-post__read-more\" href=\"https:\/\/www.hestasaga.com\/is\/panorama\/vinatengsl-endurvakin-i-gegnum-hestasogu\/\" aria-label=\"Read more about HVERNIG TENGJAST MYNDLIST OG HESTASAGA?\" tabindex=\"-1\" >\n\t\t\tmehr erfahren\t\t<\/a>\n\n\t\t\t\t<\/div>\n\t\t\t\t<div class=\"elementor-post__meta-data\">\n\t\t\t\t\t<span class=\"elementor-post-date\">\n\t\t\t26. jan\u00faar 2020\t\t<\/span>\n\t\t\t\t<span class=\"elementor-post-avatar\">\n\t\t\tEngar athugasemdir\t\t<\/span>\n\t\t\t\t<\/div>\n\t\t\t\t\t<\/div>\n\t\t<\/article>\n\t\t\t\t<article class=\"elementor-post elementor-grid-item post-2967 panorama type-panorama status-publish has-post-thumbnail hentry\">\n\t\t\t<div class=\"elementor-post__card\">\n\t\t\t\t<a class=\"elementor-post__thumbnail__link\" href=\"https:\/\/www.hestasaga.com\/is\/panorama\/arbeit-mit-problempferden\/\" tabindex=\"-1\" ><div class=\"elementor-post__thumbnail\"><img width=\"300\" height=\"211\" src=\"https:\/\/www.hestasaga.com\/wp-content\/uploads\/afi-300x211.jpg\" class=\"attachment-medium size-medium wp-image-1187\" alt=\"\" srcset=\"https:\/\/www.hestasaga.com\/wp-content\/uploads\/afi-300x211.jpg 300w, https:\/\/www.hestasaga.com\/wp-content\/uploads\/afi-768x540.jpg 768w, https:\/\/www.hestasaga.com\/wp-content\/uploads\/afi.jpg 800w\" sizes=\"(max-width: 300px) 100vw, 300px\" \/><\/div><\/a>\n\t\t\t\t<div class=\"elementor-post__text\">\n\t\t\t\t<h3 class=\"elementor-post__title\">\n\t\t\t<a href=\"https:\/\/www.hestasaga.com\/is\/panorama\/arbeit-mit-problempferden\/\" >\n\t\t\t\tVINNA ME\u00d0 VANDAM\u00c1LAHESTA\t\t\t<\/a>\n\t\t<\/h3>\n\t\t\t\t<div class=\"elementor-post__excerpt\">\n\t\t\t<p>Hekla Hattenberger Hermundsd\u00f3ttir hefur sent inn til okkar nokkrar \u00e1hugaver\u00f0ar s\u00f6gur, sem h\u00e6gt er a\u00f0 finna&nbsp; \u00e1 vefs\u00ed\u00f0um HestaS\u00f6gu. \u00dear m\u00e1 lesa fr\u00e1sagnir fr\u00e1 \u00fdmsum<\/p>\n\t\t<\/div>\n\t\t\n\t\t<a class=\"elementor-post__read-more\" href=\"https:\/\/www.hestasaga.com\/is\/panorama\/arbeit-mit-problempferden\/\" aria-label=\"Read more about VINNA ME\u00d0 VANDAM\u00c1LAHESTA\" tabindex=\"-1\" >\n\t\t\tmehr erfahren\t\t<\/a>\n\n\t\t\t\t<\/div>\n\t\t\t\t<div class=\"elementor-post__meta-data\">\n\t\t\t\t\t<span class=\"elementor-post-date\">\n\t\t\t27. n\u00f3vember 2019\t\t<\/span>\n\t\t\t\t<span class=\"elementor-post-avatar\">\n\t\t\tEngar athugasemdir\t\t<\/span>\n\t\t\t\t<\/div>\n\t\t\t\t\t<\/div>\n\t\t<\/article>\n\t\t\t\t<\/div>\n\t\t\n\t\t\t\t<\/div>\n\t\t\t\t<\/div>\n\t\t\t\t\t<\/div>\n\t\t<\/div>\n\t\t\t\t\t\t\t<\/div>\n\t\t<\/section>\n\t\t\t\t\t\t\t<\/div>\n\t\t","protected":false},"excerpt":{"rendered":"<p>HITT OG \u00deETTA V\u00edde\u00f3, hlj\u00f3\u00f0uppt\u00f6kur og margt fleira Fara \u00ed s\u00f6gurnar \u00bb<\/p>\n","protected":false},"author":5,"featured_media":0,"parent":0,"menu_order":0,"comment_status":"closed","ping_status":"closed","template":"","meta":{"episode_type":"","audio_file":"","cover_image":"","cover_image_id":"","duration":"","filesize":"","date_recorded":"","explicit":"","block":"","filesize_raw":""},"acf":[],"yoast_head":"<!-- This site is optimized with the Yoast SEO plugin v19.7.1 - https:\/\/yoast.com\/wordpress\/plugins\/seo\/ -->\n<title>HITT OG \u00deETTA - Hestasaga<\/title>\n<meta name=\"robots\" content=\"index, follow, max-snippet:-1, max-image-preview:large, max-video-preview:-1\" \/>\n<link rel=\"canonical\" href=\"https:\/\/www.hestasaga.com\/is\/hitt-og-thetta\/\" \/>\n<meta property=\"og:locale\" content=\"is_IS\" \/>\n<meta property=\"og:type\" content=\"article\" \/>\n<meta property=\"og:title\" content=\"HITT OG \u00deETTA - Hestasaga\" \/>\n<meta property=\"og:description\" content=\"HITT OG \u00deETTA V\u00edde\u00f3, hlj\u00f3\u00f0uppt\u00f6kur og margt fleira Fara \u00ed s\u00f6gurnar \u00bb\" \/>\n<meta property=\"og:url\" content=\"https:\/\/www.hestasaga.com\/is\/hitt-og-thetta\/\" \/>\n<meta property=\"og:site_name\" content=\"Hestasaga\" \/>\n<meta property=\"article:publisher\" content=\"https:\/\/www.facebook.com\/hestasaga\/\" \/>\n<meta property=\"article:modified_time\" content=\"2019-10-09T09:12:08+00:00\" \/>\n<meta name=\"twitter:card\" content=\"summary_large_image\" \/>\n<meta name=\"twitter:site\" content=\"@Hestasaga\" \/>\n<script type=\"application\/ld+json\" class=\"yoast-schema-graph\">{\"@context\":\"https:\/\/schema.org\",\"@graph\":[{\"@type\":\"WebPage\",\"@id\":\"https:\/\/www.hestasaga.com\/is\/hitt-og-thetta\/\",\"url\":\"https:\/\/www.hestasaga.com\/is\/hitt-og-thetta\/\",\"name\":\"HITT OG \u00deETTA - Hestasaga\",\"isPartOf\":{\"@id\":\"https:\/\/www.hestasaga.com\/en\/#website\"},\"datePublished\":\"2019-09-23T15:10:14+00:00\",\"dateModified\":\"2019-10-09T09:12:08+00:00\",\"breadcrumb\":{\"@id\":\"https:\/\/www.hestasaga.com\/is\/hitt-og-thetta\/#breadcrumb\"},\"inLanguage\":\"is\",\"potentialAction\":[{\"@type\":\"ReadAction\",\"target\":[\"https:\/\/www.hestasaga.com\/is\/hitt-og-thetta\/\"]}]},{\"@type\":\"BreadcrumbList\",\"@id\":\"https:\/\/www.hestasaga.com\/is\/hitt-og-thetta\/#breadcrumb\",\"itemListElement\":[{\"@type\":\"ListItem\",\"position\":1,\"name\":\"Startseite\",\"item\":\"https:\/\/www.hestasaga.com\/is\/\"},{\"@type\":\"ListItem\",\"position\":2,\"name\":\"HITT OG \u00deETTA\"}]},{\"@type\":\"WebSite\",\"@id\":\"https:\/\/www.hestasaga.com\/en\/#website\",\"url\":\"https:\/\/www.hestasaga.com\/en\/\",\"name\":\"Hestasaga\",\"description\":\"\",\"publisher\":{\"@id\":\"https:\/\/www.hestasaga.com\/en\/#organization\"},\"potentialAction\":[{\"@type\":\"SearchAction\",\"target\":{\"@type\":\"EntryPoint\",\"urlTemplate\":\"https:\/\/www.hestasaga.com\/en\/?s={search_term_string}\"},\"query-input\":\"required name=search_term_string\"}],\"inLanguage\":\"is\"},{\"@type\":\"Organization\",\"@id\":\"https:\/\/www.hestasaga.com\/en\/#organization\",\"name\":\"HestaSaga\",\"url\":\"https:\/\/www.hestasaga.com\/en\/\",\"sameAs\":[\"https:\/\/www.instagram.com\/hestasaga\/\",\"https:\/\/www.facebook.com\/hestasaga\/\",\"https:\/\/twitter.com\/Hestasaga\"],\"logo\":{\"@type\":\"ImageObject\",\"inLanguage\":\"is\",\"@id\":\"https:\/\/www.hestasaga.com\/en\/#\/schema\/logo\/image\/\",\"url\":\"https:\/\/www.hestasaga.com\/wp-content\/uploads\/hestasaga_logo.png\",\"contentUrl\":\"https:\/\/www.hestasaga.com\/wp-content\/uploads\/hestasaga_logo.png\",\"width\":600,\"height\":214,\"caption\":\"HestaSaga\"},\"image\":{\"@id\":\"https:\/\/www.hestasaga.com\/en\/#\/schema\/logo\/image\/\"}}]}<\/script>\n<!-- \/ Yoast SEO plugin. -->","yoast_head_json":{"title":"HITT OG \u00deETTA - Hestasaga","robots":{"index":"index","follow":"follow","max-snippet":"max-snippet:-1","max-image-preview":"max-image-preview:large","max-video-preview":"max-video-preview:-1"},"canonical":"https:\/\/www.hestasaga.com\/is\/hitt-og-thetta\/","og_locale":"is_IS","og_type":"article","og_title":"HITT OG \u00deETTA - Hestasaga","og_description":"HITT OG \u00deETTA V\u00edde\u00f3, hlj\u00f3\u00f0uppt\u00f6kur og margt fleira Fara \u00ed s\u00f6gurnar \u00bb","og_url":"https:\/\/www.hestasaga.com\/is\/hitt-og-thetta\/","og_site_name":"Hestasaga","article_publisher":"https:\/\/www.facebook.com\/hestasaga\/","article_modified_time":"2019-10-09T09:12:08+00:00","twitter_card":"summary_large_image","twitter_site":"@Hestasaga","schema":{"@context":"https:\/\/schema.org","@graph":[{"@type":"WebPage","@id":"https:\/\/www.hestasaga.com\/is\/hitt-og-thetta\/","url":"https:\/\/www.hestasaga.com\/is\/hitt-og-thetta\/","name":"HITT OG \u00deETTA - Hestasaga","isPartOf":{"@id":"https:\/\/www.hestasaga.com\/en\/#website"},"datePublished":"2019-09-23T15:10:14+00:00","dateModified":"2019-10-09T09:12:08+00:00","breadcrumb":{"@id":"https:\/\/www.hestasaga.com\/is\/hitt-og-thetta\/#breadcrumb"},"inLanguage":"is","potentialAction":[{"@type":"ReadAction","target":["https:\/\/www.hestasaga.com\/is\/hitt-og-thetta\/"]}]},{"@type":"BreadcrumbList","@id":"https:\/\/www.hestasaga.com\/is\/hitt-og-thetta\/#breadcrumb","itemListElement":[{"@type":"ListItem","position":1,"name":"Startseite","item":"https:\/\/www.hestasaga.com\/is\/"},{"@type":"ListItem","position":2,"name":"HITT OG \u00deETTA"}]},{"@type":"WebSite","@id":"https:\/\/www.hestasaga.com\/en\/#website","url":"https:\/\/www.hestasaga.com\/en\/","name":"Hestasaga","description":"","publisher":{"@id":"https:\/\/www.hestasaga.com\/en\/#organization"},"potentialAction":[{"@type":"SearchAction","target":{"@type":"EntryPoint","urlTemplate":"https:\/\/www.hestasaga.com\/en\/?s={search_term_string}"},"query-input":"required name=search_term_string"}],"inLanguage":"is"},{"@type":"Organization","@id":"https:\/\/www.hestasaga.com\/en\/#organization","name":"HestaSaga","url":"https:\/\/www.hestasaga.com\/en\/","sameAs":["https:\/\/www.instagram.com\/hestasaga\/","https:\/\/www.facebook.com\/hestasaga\/","https:\/\/twitter.com\/Hestasaga"],"logo":{"@type":"ImageObject","inLanguage":"is","@id":"https:\/\/www.hestasaga.com\/en\/#\/schema\/logo\/image\/","url":"https:\/\/www.hestasaga.com\/wp-content\/uploads\/hestasaga_logo.png","contentUrl":"https:\/\/www.hestasaga.com\/wp-content\/uploads\/hestasaga_logo.png","width":600,"height":214,"caption":"HestaSaga"},"image":{"@id":"https:\/\/www.hestasaga.com\/en\/#\/schema\/logo\/image\/"}}]}},"_links":{"self":[{"href":"https:\/\/www.hestasaga.com\/is\/wp-json\/wp\/v2\/pages\/2944"}],"collection":[{"href":"https:\/\/www.hestasaga.com\/is\/wp-json\/wp\/v2\/pages"}],"about":[{"href":"https:\/\/www.hestasaga.com\/is\/wp-json\/wp\/v2\/types\/page"}],"author":[{"embeddable":true,"href":"https:\/\/www.hestasaga.com\/is\/wp-json\/wp\/v2\/users\/5"}],"replies":[{"embeddable":true,"href":"https:\/\/www.hestasaga.com\/is\/wp-json\/wp\/v2\/comments?post=2944"}],"version-history":[{"count":5,"href":"https:\/\/www.hestasaga.com\/is\/wp-json\/wp\/v2\/pages\/2944\/revisions"}],"predecessor-version":[{"id":3822,"href":"https:\/\/www.hestasaga.com\/is\/wp-json\/wp\/v2\/pages\/2944\/revisions\/3822"}],"wp:attachment":[{"href":"https:\/\/www.hestasaga.com\/is\/wp-json\/wp\/v2\/media?parent=2944"}],"curies":[{"name":"wp","href":"https:\/\/api.w.org\/{rel}","templated":true}]}}