{"id":3269,"date":"2019-09-26T15:23:45","date_gmt":"2019-09-26T13:23:45","guid":{"rendered":"http:\/\/neu.hestasaga.com\/?page_id=3269"},"modified":"2019-09-26T17:37:23","modified_gmt":"2019-09-26T15:37:23","slug":"terms-of-use","status":"publish","type":"page","link":"https:\/\/www.hestasaga.com\/en\/terms-of-use\/","title":{"rendered":"Terms of use"},"content":{"rendered":"\t\t<div data-elementor-type=\"wp-post\" data-elementor-id=\"3269\" class=\"elementor elementor-3269 elementor-807\" data-elementor-post-type=\"page\">\n\t\t\t\t\t\t\t\t\t<section class=\"elementor-section elementor-top-section elementor-element elementor-element-fcabccd elementor-section-boxed elementor-section-height-default elementor-section-height-default\" data-id=\"fcabccd\" data-element_type=\"section\">\n\t\t\t\t\t\t<div class=\"elementor-container elementor-column-gap-default\">\n\t\t\t\t\t<div class=\"elementor-column elementor-col-100 elementor-top-column elementor-element elementor-element-80f8563\" data-id=\"80f8563\" data-element_type=\"column\">\n\t\t\t<div class=\"elementor-widget-wrap elementor-element-populated\">\n\t\t\t\t\t\t\t\t<div class=\"elementor-element elementor-element-b3e7459 elementor-widget elementor-widget-heading\" data-id=\"b3e7459\" data-element_type=\"widget\" data-widget_type=\"heading.default\">\n\t\t\t\t<div class=\"elementor-widget-container\">\n\t\t\t<h2 class=\"elementor-heading-title elementor-size-default\">Terms of use<\/h2>\t\t<\/div>\n\t\t\t\t<\/div>\n\t\t\t\t<div class=\"elementor-element elementor-element-0537226 elementor-widget elementor-widget-text-editor\" data-id=\"0537226\" data-element_type=\"widget\" data-widget_type=\"text-editor.default\">\n\t\t\t\t<div class=\"elementor-widget-container\">\n\t\t\t\t\t\t\t<p>Dr. Monika Papenfu\u00df<br \/>Freyenberger Weg 11<br \/>DE-53639 K\u00f6nigswinter<\/p><p><!-- \/wp:paragraph --><\/p><p><!-- wp:paragraph --><\/p><p>phone: +49-1578-5723156<br \/>email: monika@hestasaga.com<\/p><p><!-- \/wp:paragraph --><\/p><p><!-- wp:paragraph --><\/p><p>Krist\u00edn Halld\u00f3rsd\u00f3ttir<br \/>Stephanstr. 2<br \/>DE-53639 K\u00f6nigswinter<\/p><p><!-- \/wp:paragraph --><\/p><p><!-- wp:paragraph --><\/p><p>phone: +49-151-52359504<br \/>email: info@hestasaga.com<\/p><p><!-- \/wp:paragraph --><\/p><p><!-- wp:paragraph --><\/p><p><strong>Design and programming: <\/strong><strong>websplash \/\/ Teil der McFoxx GmbH<\/strong><br \/>Freyenberger Weg 11<br \/>DE-53639 K\u00f6nigswinter<br \/>tel.: <a href=\"tel:+4922237969980\">02223 796 99 80<\/a><br \/>web: <a href=\"https:\/\/www.websplash.de\">www.websplash.de<\/a><br \/>email: <a href=\"mailto:info@websplash.de\">info@websplash.de<\/a><\/p><p><!-- \/wp:paragraph --><\/p><p><!-- wp:paragraph --><\/p><p><!-- \/wp:paragraph --><\/p>\t\t\t\t\t\t<\/div>\n\t\t\t\t<\/div>\n\t\t\t\t<div class=\"elementor-element elementor-element-1d33375 elementor-widget elementor-widget-text-editor\" data-id=\"1d33375\" data-element_type=\"widget\" data-widget_type=\"text-editor.default\">\n\t\t\t\t<div class=\"elementor-widget-container\">\n\t\t\t\t\t\t\t<p><strong>1. Terms<\/strong><\/p>\n<p>By accessing this Website, accessible from\u00a0Website.com, you are agreeing to be bound by these Website Terms and Conditions of Use and agree that you are responsible for the agreement with any applicable local laws. If you disagree with any of these terms, you are prohibited from accessing this site. The materials contained in this Website are protected by copyright and trade mark law.<\/p>\n<p><strong>2. Use License<\/strong><\/p>\n<p>Permission is granted to temporarily download one copy of the materials on\u00a0Hestasaga&#8217;s Website for personal, non-commercial transitory viewing only. This is the grant of a license, not a transfer of title, and under this license you may not:<\/p>\n<ul>\n<li>modify or copy the materials;<\/li>\n<li>use the materials for any commercial purpose or for any public display;<\/li>\n<li>attempt to reverse engineer any software contained on\u00a0Hestasaga&#8217;s Website;<\/li>\n<li>remove any copyright or other proprietary notations from the materials; or<\/li>\n<li>transferring the materials to another person or &#8220;mirror&#8221; the materials on any other server.<\/li>\n<\/ul>\n<p>This will let\u00a0<span style=\"font-size: 12.8px;\">Hestasaga<\/span>\u00a0to terminate upon violations of any of these restrictions. Upon termination, your viewing right will also be terminated and you should destroy any downloaded materials in your possession whether it is printed or electronic format.<\/p>\n<p><strong>3. Disclaimer<\/strong><\/p>\n<p>All the materials on\u00a0<span style=\"font-size: 12.8px;\">Hestasaga<\/span>&#8216;s Website are provided \u201cas is\u201d.\u00a0Company Name\u00a0makes no warranties, may it be expressed or implied, therefore negates all other warranties. Furthermore,\u00a0Company Name\u00a0does not make any representations concerning the accuracy or reliability of the use of the materials on its Website or otherwise relating to such materials or any sites linked to this Website.<\/p>\n<p><strong>4. Limitations<\/strong><\/p>\n<p><span style=\"font-size: 12.8px;\">Hestasaga<\/span>\u00a0or its suppliers will not be hold accountable for any damages that will arise with the use or inability to use the materials on\u00a0<span style=\"font-size: 12.8px;\">Hestasaga<\/span>&#8216;s Website, even if\u00a0<span style=\"font-size: 12.8px;\">Hestasaga<\/span>\u00a0or an authorize representative of this Website has been notified, orally or written, of the possibility of such damage. Some jurisdiction does not allow limitations on implied warranties or limitations of liability for incidental damages, these limitations may not apply to you.<\/p>\n<p><strong>5. Revisions and Errata<\/strong><\/p>\n<p>The materials appearing on\u00a0<span style=\"font-size: 12.8px;\">Hestasaga<\/span>s Website may include technical, typographical, or photographic errors.\u00a0<span style=\"font-size: 12.8px;\">Hestasaga<\/span>\u00a0will not promise that any of the materials in this Website are accurate, complete, or current.\u00a0<span style=\"font-size: 12.8px;\">Hestasaga<\/span>\u00a0may change the materials contained on its Website at any time without notice.\u00a0<span style=\"font-size: 12.8px;\">Hestasaga<\/span>\u00a0does not make any commitment to update the materials.<\/p>\n<p><strong>6. Links<\/strong><\/p>\n<p><span style=\"font-size: 12.8px;\">Hestasaga<\/span>\u00a0has not reviewed all of the sites linked to its Website and is not responsible for the contents of any such linked site. The presence of any link does not imply endorsement by\u00a0<span style=\"font-size: 12.8px;\">Hestasaga<\/span>\u00a0of the site. The use of any linked website is at the user&#8217;s own risk.<\/p>\n<p><strong>7. Site Terms of Use Modifications<\/strong><\/p>\n<p>Hestasaga\u00a0may revise these Terms of Use for its Website at any time without prior notice. By using this Website, you are agreeing to be bound by the current version of these Terms and Conditions of Use.<\/p>\n<p><strong>8. Governing Law<\/strong><\/p>\n<p>Any claim related to\u00a0Hestasaga&#8217;s Website shall be governed by the laws of\u00a0Country\u00a0without regards to its conflict of law provisions.<\/p>\n<p><strong>Credits:<\/strong><\/p>\n<p>Images<\/p>\n<ul>\n<li>Header: Image by\u00a0<a href=\"https:\/\/pixabay.com\/de\/users\/TheDigitalArtist-202249\/?utm_source=link-attribution&amp;utm_medium=referral&amp;utm_campaign=image&amp;utm_content=2427513\">Pete Linforth<\/a>\u00a0from\u00a0<a href=\"https:\/\/pixabay.com\/de\/?utm_source=link-attribution&amp;utm_medium=referral&amp;utm_campaign=image&amp;utm_content=2427513\">Pixabay<\/a><\/li>\n<li>&#8220;Background Knowledge&#8221;: Image by\u00a0<a href=\"https:\/\/pixabay.com\/de\/users\/12019-12019\/?utm_source=link-attribution&amp;utm_medium=referral&amp;utm_campaign=image&amp;utm_content=2420768\">David Mark<\/a> from\u00a0<a href=\"https:\/\/pixabay.com\/de\/?utm_source=link-attribution&amp;utm_medium=referral&amp;utm_campaign=image&amp;utm_content=2420768\">Pixabay <\/a>\u00a0(edited)<\/li>\n<\/ul>\n<p>\u00a0<\/p>\n<p>Icons:<\/p>\n<ul>\n<li>&#8220;Feather and Ink&#8221;-Icon made by <a title=\"Freepik\" href=\"https:\/\/www.flaticon.com\/authors\/freepik\">Freepik<\/a> from <a title=\"Flaticon\" href=\"https:\/\/www.flaticon.com\/\">www.flaticon.com<\/a><\/li>\n<li>&#8220;Books and Tea&#8221;-Icon\u00a0made by <a title=\"Freepik\" href=\"https:\/\/www.flaticon.com\/authors\/freepik\">Freepik<\/a> from <a title=\"Flaticon\" href=\"https:\/\/www.flaticon.com\/\">www.flaticon.com<\/a><\/li>\n<\/ul>\t\t\t\t\t\t<\/div>\n\t\t\t\t<\/div>\n\t\t\t\t\t<\/div>\n\t\t<\/div>\n\t\t\t\t\t\t\t<\/div>\n\t\t<\/section>\n\t\t\t\t\t\t\t<\/div>\n\t\t","protected":false},"excerpt":{"rendered":"<p>Terms of use Dr. Monika Papenfu\u00dfFreyenberger Weg 11DE-53639 K\u00f6nigswinterphone: +49-1578-5723156email: monika@hestasaga.comKrist\u00edn Halld\u00f3rsd\u00f3ttirStephanstr. 2DE-53639 K\u00f6nigswinterphone: +49-151-52359504email: info@hestasaga.comDesign and programming: websplash \/\/ Teil der McFoxx GmbHFreyenberger Weg 11DE-53639 K\u00f6nigswintertel.: 02223 796 99 80web: www.websplash.deemail: info@websplash.de1. Terms By accessing this Website, accessible from\u00a0Website.com, you are agreeing to be bound by these Website Terms and Conditions of Use and [&hellip;]<\/p>\n","protected":false},"author":5,"featured_media":0,"parent":0,"menu_order":0,"comment_status":"closed","ping_status":"closed","template":"","meta":{"episode_type":"","audio_file":"","cover_image":"","cover_image_id":"","duration":"","filesize":"","date_recorded":"","explicit":"","block":"","filesize_raw":""},"acf":[],"yoast_head":"<!-- This site is optimized with the Yoast SEO plugin v19.7.1 - https:\/\/yoast.com\/wordpress\/plugins\/seo\/ -->\n<title>Terms of use - Hestasaga<\/title>\n<meta name=\"robots\" content=\"index, follow, max-snippet:-1, max-image-preview:large, max-video-preview:-1\" \/>\n<link rel=\"canonical\" href=\"https:\/\/www.hestasaga.com\/en\/terms-of-use\/\" \/>\n<meta property=\"og:locale\" content=\"en_US\" \/>\n<meta property=\"og:type\" content=\"article\" \/>\n<meta property=\"og:title\" content=\"Terms of use - Hestasaga\" \/>\n<meta property=\"og:description\" content=\"Terms of use Dr. Monika Papenfu\u00dfFreyenberger Weg 11DE-53639 K\u00f6nigswinterphone: +49-1578-5723156email: monika@hestasaga.comKrist\u00edn Halld\u00f3rsd\u00f3ttirStephanstr. 2DE-53639 K\u00f6nigswinterphone: +49-151-52359504email: info@hestasaga.comDesign and programming: websplash \/\/ Teil der McFoxx GmbHFreyenberger Weg 11DE-53639 K\u00f6nigswintertel.: 02223 796 99 80web: www.websplash.deemail: info@websplash.de1. Terms By accessing this Website, accessible from\u00a0Website.com, you are agreeing to be bound by these Website Terms and Conditions of Use and [&hellip;]\" \/>\n<meta property=\"og:url\" content=\"https:\/\/www.hestasaga.com\/en\/terms-of-use\/\" \/>\n<meta property=\"og:site_name\" content=\"Hestasaga\" \/>\n<meta property=\"article:publisher\" content=\"https:\/\/www.facebook.com\/hestasaga\/\" \/>\n<meta property=\"article:modified_time\" content=\"2019-09-26T15:37:23+00:00\" \/>\n<meta name=\"twitter:card\" content=\"summary_large_image\" \/>\n<meta name=\"twitter:site\" content=\"@Hestasaga\" \/>\n<meta name=\"twitter:label1\" content=\"Est. reading time\" \/>\n\t<meta name=\"twitter:data1\" content=\"3 minutes\" \/>\n<script type=\"application\/ld+json\" class=\"yoast-schema-graph\">{\"@context\":\"https:\/\/schema.org\",\"@graph\":[{\"@type\":\"WebPage\",\"@id\":\"https:\/\/www.hestasaga.com\/en\/terms-of-use\/\",\"url\":\"https:\/\/www.hestasaga.com\/en\/terms-of-use\/\",\"name\":\"Terms of use - Hestasaga\",\"isPartOf\":{\"@id\":\"https:\/\/www.hestasaga.com\/en\/#website\"},\"datePublished\":\"2019-09-26T13:23:45+00:00\",\"dateModified\":\"2019-09-26T15:37:23+00:00\",\"breadcrumb\":{\"@id\":\"https:\/\/www.hestasaga.com\/en\/terms-of-use\/#breadcrumb\"},\"inLanguage\":\"en-US\",\"potentialAction\":[{\"@type\":\"ReadAction\",\"target\":[\"https:\/\/www.hestasaga.com\/en\/terms-of-use\/\"]}]},{\"@type\":\"BreadcrumbList\",\"@id\":\"https:\/\/www.hestasaga.com\/en\/terms-of-use\/#breadcrumb\",\"itemListElement\":[{\"@type\":\"ListItem\",\"position\":1,\"name\":\"Startseite\",\"item\":\"https:\/\/www.hestasaga.com\/en\/\"},{\"@type\":\"ListItem\",\"position\":2,\"name\":\"Terms of use\"}]},{\"@type\":\"WebSite\",\"@id\":\"https:\/\/www.hestasaga.com\/en\/#website\",\"url\":\"https:\/\/www.hestasaga.com\/en\/\",\"name\":\"Hestasaga\",\"description\":\"\",\"publisher\":{\"@id\":\"https:\/\/www.hestasaga.com\/en\/#organization\"},\"potentialAction\":[{\"@type\":\"SearchAction\",\"target\":{\"@type\":\"EntryPoint\",\"urlTemplate\":\"https:\/\/www.hestasaga.com\/en\/?s={search_term_string}\"},\"query-input\":\"required name=search_term_string\"}],\"inLanguage\":\"en-US\"},{\"@type\":\"Organization\",\"@id\":\"https:\/\/www.hestasaga.com\/en\/#organization\",\"name\":\"HestaSaga\",\"url\":\"https:\/\/www.hestasaga.com\/en\/\",\"sameAs\":[\"https:\/\/www.instagram.com\/hestasaga\/\",\"https:\/\/www.facebook.com\/hestasaga\/\",\"https:\/\/twitter.com\/Hestasaga\"],\"logo\":{\"@type\":\"ImageObject\",\"inLanguage\":\"en-US\",\"@id\":\"https:\/\/www.hestasaga.com\/en\/#\/schema\/logo\/image\/\",\"url\":\"https:\/\/www.hestasaga.com\/wp-content\/uploads\/hestasaga_logo.png\",\"contentUrl\":\"https:\/\/www.hestasaga.com\/wp-content\/uploads\/hestasaga_logo.png\",\"width\":600,\"height\":214,\"caption\":\"HestaSaga\"},\"image\":{\"@id\":\"https:\/\/www.hestasaga.com\/en\/#\/schema\/logo\/image\/\"}}]}<\/script>\n<!-- \/ Yoast SEO plugin. -->","yoast_head_json":{"title":"Terms of use - Hestasaga","robots":{"index":"index","follow":"follow","max-snippet":"max-snippet:-1","max-image-preview":"max-image-preview:large","max-video-preview":"max-video-preview:-1"},"canonical":"https:\/\/www.hestasaga.com\/en\/terms-of-use\/","og_locale":"en_US","og_type":"article","og_title":"Terms of use - Hestasaga","og_description":"Terms of use Dr. Monika Papenfu\u00dfFreyenberger Weg 11DE-53639 K\u00f6nigswinterphone: +49-1578-5723156email: monika@hestasaga.comKrist\u00edn Halld\u00f3rsd\u00f3ttirStephanstr. 2DE-53639 K\u00f6nigswinterphone: +49-151-52359504email: info@hestasaga.comDesign and programming: websplash \/\/ Teil der McFoxx GmbHFreyenberger Weg 11DE-53639 K\u00f6nigswintertel.: 02223 796 99 80web: www.websplash.deemail: info@websplash.de1. Terms By accessing this Website, accessible from\u00a0Website.com, you are agreeing to be bound by these Website Terms and Conditions of Use and [&hellip;]","og_url":"https:\/\/www.hestasaga.com\/en\/terms-of-use\/","og_site_name":"Hestasaga","article_publisher":"https:\/\/www.facebook.com\/hestasaga\/","article_modified_time":"2019-09-26T15:37:23+00:00","twitter_card":"summary_large_image","twitter_site":"@Hestasaga","twitter_misc":{"Est. reading time":"3 minutes"},"schema":{"@context":"https:\/\/schema.org","@graph":[{"@type":"WebPage","@id":"https:\/\/www.hestasaga.com\/en\/terms-of-use\/","url":"https:\/\/www.hestasaga.com\/en\/terms-of-use\/","name":"Terms of use - Hestasaga","isPartOf":{"@id":"https:\/\/www.hestasaga.com\/en\/#website"},"datePublished":"2019-09-26T13:23:45+00:00","dateModified":"2019-09-26T15:37:23+00:00","breadcrumb":{"@id":"https:\/\/www.hestasaga.com\/en\/terms-of-use\/#breadcrumb"},"inLanguage":"en-US","potentialAction":[{"@type":"ReadAction","target":["https:\/\/www.hestasaga.com\/en\/terms-of-use\/"]}]},{"@type":"BreadcrumbList","@id":"https:\/\/www.hestasaga.com\/en\/terms-of-use\/#breadcrumb","itemListElement":[{"@type":"ListItem","position":1,"name":"Startseite","item":"https:\/\/www.hestasaga.com\/en\/"},{"@type":"ListItem","position":2,"name":"Terms of use"}]},{"@type":"WebSite","@id":"https:\/\/www.hestasaga.com\/en\/#website","url":"https:\/\/www.hestasaga.com\/en\/","name":"Hestasaga","description":"","publisher":{"@id":"https:\/\/www.hestasaga.com\/en\/#organization"},"potentialAction":[{"@type":"SearchAction","target":{"@type":"EntryPoint","urlTemplate":"https:\/\/www.hestasaga.com\/en\/?s={search_term_string}"},"query-input":"required name=search_term_string"}],"inLanguage":"en-US"},{"@type":"Organization","@id":"https:\/\/www.hestasaga.com\/en\/#organization","name":"HestaSaga","url":"https:\/\/www.hestasaga.com\/en\/","sameAs":["https:\/\/www.instagram.com\/hestasaga\/","https:\/\/www.facebook.com\/hestasaga\/","https:\/\/twitter.com\/Hestasaga"],"logo":{"@type":"ImageObject","inLanguage":"en-US","@id":"https:\/\/www.hestasaga.com\/en\/#\/schema\/logo\/image\/","url":"https:\/\/www.hestasaga.com\/wp-content\/uploads\/hestasaga_logo.png","contentUrl":"https:\/\/www.hestasaga.com\/wp-content\/uploads\/hestasaga_logo.png","width":600,"height":214,"caption":"HestaSaga"},"image":{"@id":"https:\/\/www.hestasaga.com\/en\/#\/schema\/logo\/image\/"}}]}},"_links":{"self":[{"href":"https:\/\/www.hestasaga.com\/en\/wp-json\/wp\/v2\/pages\/3269"}],"collection":[{"href":"https:\/\/www.hestasaga.com\/en\/wp-json\/wp\/v2\/pages"}],"about":[{"href":"https:\/\/www.hestasaga.com\/en\/wp-json\/wp\/v2\/types\/page"}],"author":[{"embeddable":true,"href":"https:\/\/www.hestasaga.com\/en\/wp-json\/wp\/v2\/users\/5"}],"replies":[{"embeddable":true,"href":"https:\/\/www.hestasaga.com\/en\/wp-json\/wp\/v2\/comments?post=3269"}],"version-history":[{"count":8,"href":"https:\/\/www.hestasaga.com\/en\/wp-json\/wp\/v2\/pages\/3269\/revisions"}],"predecessor-version":[{"id":3364,"href":"https:\/\/www.hestasaga.com\/en\/wp-json\/wp\/v2\/pages\/3269\/revisions\/3364"}],"wp:attachment":[{"href":"https:\/\/www.hestasaga.com\/en\/wp-json\/wp\/v2\/media?parent=3269"}],"curies":[{"name":"wp","href":"https:\/\/api.w.org\/{rel}","templated":true}]}}