{"id":2922,"date":"2019-09-23T16:48:17","date_gmt":"2019-09-23T14:48:17","guid":{"rendered":"http:\/\/neu.hestasaga.com\/?page_id=2922"},"modified":"2019-09-26T16:33:44","modified_gmt":"2019-09-26T14:33:44","slug":"about-us","status":"publish","type":"page","link":"https:\/\/www.hestasaga.com\/en\/about-us\/","title":{"rendered":"About Us"},"content":{"rendered":"\t\t<div data-elementor-type=\"wp-post\" data-elementor-id=\"2922\" class=\"elementor elementor-2922 elementor-15\" data-elementor-post-type=\"page\">\n\t\t\t\t\t\t\t\t\t<section class=\"elementor-section elementor-top-section elementor-element elementor-element-cc98f8d elementor-section-boxed elementor-section-height-default elementor-section-height-default\" data-id=\"cc98f8d\" data-element_type=\"section\">\n\t\t\t\t\t\t<div class=\"elementor-container elementor-column-gap-default\">\n\t\t\t\t\t<div class=\"elementor-column elementor-col-100 elementor-top-column elementor-element elementor-element-95f03d6\" data-id=\"95f03d6\" data-element_type=\"column\">\n\t\t\t<div class=\"elementor-widget-wrap elementor-element-populated\">\n\t\t\t\t\t\t\t\t<div class=\"elementor-element elementor-element-83efd9b elementor-widget elementor-widget-heading\" data-id=\"83efd9b\" data-element_type=\"widget\" data-widget_type=\"heading.default\">\n\t\t\t\t<div class=\"elementor-widget-container\">\n\t\t\t<h2 class=\"elementor-heading-title elementor-size-default\">About us and our idea<\/h2>\t\t<\/div>\n\t\t\t\t<\/div>\n\t\t\t\t<div class=\"elementor-element elementor-element-5558088 elementor-widget elementor-widget-text-editor\" data-id=\"5558088\" data-element_type=\"widget\" data-widget_type=\"text-editor.default\">\n\t\t\t\t<div class=\"elementor-widget-container\">\n\t\t\t\t\t\t\t<p><em><strong>What binds us together is one passion in particular: The Icelandic horse!<\/strong> <\/em><\/p><p>First of all, we love our own horses. They are indispensably part of our everyday life! We care for them every day, like to go for rides, especially in the nature and breed on a small scale. Mostly, we live aside from the big tournaments and the professional breeding. We do, however, like to watch and keep track of both and are part of the interested audience to such events. This way, we were lucky enough to be able to meet a variety of exceptional horses who can impress everyone with their beauty, motivation and expressiveness \u2013 true dream horses! Everyone knows them, because there is a multitude of articles, videos and tables to display and document their marvelous scores and rankings which make them appear to be immortal.<\/p><p>\u00a0<\/p>\t\t\t\t\t\t<\/div>\n\t\t\t\t<\/div>\n\t\t\t\t\t<\/div>\n\t\t<\/div>\n\t\t\t\t\t\t\t<\/div>\n\t\t<\/section>\n\t\t\t\t<section class=\"elementor-section elementor-top-section elementor-element elementor-element-8ffd85d elementor-section-boxed elementor-section-height-default elementor-section-height-default\" data-id=\"8ffd85d\" data-element_type=\"section\">\n\t\t\t\t\t\t<div class=\"elementor-container elementor-column-gap-default\">\n\t\t\t\t\t<div class=\"elementor-column elementor-col-66 elementor-top-column elementor-element elementor-element-4ab923e\" data-id=\"4ab923e\" data-element_type=\"column\">\n\t\t\t<div class=\"elementor-widget-wrap elementor-element-populated\">\n\t\t\t\t\t\t\t\t<div class=\"elementor-element elementor-element-574d452 elementor-widget elementor-widget-text-editor\" data-id=\"574d452\" data-element_type=\"widget\" data-widget_type=\"text-editor.default\">\n\t\t\t\t<div class=\"elementor-widget-container\">\n\t\t\t\t\t\t\t<p>In many conversations aside the topics of \u201cperformance\u201d and \u201cmaterial value\u201d we have again and again heard of stories about dream horses of a different kind: Here, it is the special moments that people have with their horses. It\u2019s the extraordinary experiences or even chapters in one\u2019s lives that people share with their horses. It is these moments that make the horses unique, special, even unforgettable for them.<\/p><p>And this is how this project started: We want to write these stories down so that they won\u2019t be forgotten. It would make us more than happy if you would support us with this project!<\/p><p>Do you have a dream horse in your stable or in your heart? Do you have an unforgettable experience with your horse, a fun, unbelievable or moving story on your mind? Share it with us and we will write it down<\/p>\t\t\t\t\t\t<\/div>\n\t\t\t\t<\/div>\n\t\t\t\t\t<\/div>\n\t\t<\/div>\n\t\t\t\t<div class=\"elementor-column elementor-col-33 elementor-top-column elementor-element elementor-element-b2ecc35\" data-id=\"b2ecc35\" data-element_type=\"column\">\n\t\t\t<div class=\"elementor-widget-wrap elementor-element-populated\">\n\t\t\t\t\t\t\t\t<div class=\"elementor-element elementor-element-374da7a elementor-widget elementor-widget-image\" data-id=\"374da7a\" data-element_type=\"widget\" data-widget_type=\"image.default\">\n\t\t\t\t<div class=\"elementor-widget-container\">\n\t\t\t\t\t\t\t\t\t\t\t\t\t\t\t<img fetchpriority=\"high\" width=\"640\" height=\"480\" src=\"https:\/\/www.hestasaga.com\/wp-content\/uploads\/ueber_uns_monika.jpg\" class=\"attachment-large size-large wp-image-1145\" alt=\"\" srcset=\"https:\/\/www.hestasaga.com\/wp-content\/uploads\/ueber_uns_monika.jpg 640w, https:\/\/www.hestasaga.com\/wp-content\/uploads\/ueber_uns_monika-300x225.jpg 300w\" sizes=\"(max-width: 640px) 100vw, 640px\" \/>\t\t\t\t\t\t\t\t\t\t\t\t\t\t\t<\/div>\n\t\t\t\t<\/div>\n\t\t\t\t<div class=\"elementor-element elementor-element-1590232 elementor-widget elementor-widget-text-editor\" data-id=\"1590232\" data-element_type=\"widget\" data-widget_type=\"text-editor.default\">\n\t\t\t\t<div class=\"elementor-widget-container\">\n\t\t\t\t\t\t\t<p><em>Monika Papenfu\u00df<\/em><\/p>\t\t\t\t\t\t<\/div>\n\t\t\t\t<\/div>\n\t\t\t\t\t<\/div>\n\t\t<\/div>\n\t\t\t\t\t\t\t<\/div>\n\t\t<\/section>\n\t\t\t\t<section class=\"elementor-section elementor-top-section elementor-element elementor-element-5ea212f elementor-section-boxed elementor-section-height-default elementor-section-height-default\" data-id=\"5ea212f\" data-element_type=\"section\">\n\t\t\t\t\t\t<div class=\"elementor-container elementor-column-gap-default\">\n\t\t\t\t\t<div class=\"elementor-column elementor-col-66 elementor-top-column elementor-element elementor-element-6628341\" data-id=\"6628341\" data-element_type=\"column\">\n\t\t\t<div class=\"elementor-widget-wrap elementor-element-populated\">\n\t\t\t\t\t\t\t\t<div class=\"elementor-element elementor-element-0687e07 elementor-widget elementor-widget-text-editor\" data-id=\"0687e07\" data-element_type=\"widget\" data-widget_type=\"text-editor.default\">\n\t\t\t\t<div class=\"elementor-widget-container\">\n\t\t\t\t\t\t\t<p>Of course, you can also always send us stories that you have already put on paper.<\/p><p>Or does your dream horse exist in your phantasies, as a fairy tale, an adventure story or a poem that already lies in your drawer, only waiting for its first readers?<\/p><p>Whatever might be the case for you, do not hesitate to send it to us or to contact us to talk about your horse. We can\u2019t wait for your contributions!<\/p>\t\t\t\t\t\t<\/div>\n\t\t\t\t<\/div>\n\t\t\t\t\t<\/div>\n\t\t<\/div>\n\t\t\t\t<div class=\"elementor-column elementor-col-33 elementor-top-column elementor-element elementor-element-b08821a\" data-id=\"b08821a\" data-element_type=\"column\">\n\t\t\t<div class=\"elementor-widget-wrap elementor-element-populated\">\n\t\t\t\t\t\t\t\t<div class=\"elementor-element elementor-element-892b3c7 elementor-widget elementor-widget-image\" data-id=\"892b3c7\" data-element_type=\"widget\" data-widget_type=\"image.default\">\n\t\t\t\t<div class=\"elementor-widget-container\">\n\t\t\t\t\t\t\t\t\t\t\t\t\t\t\t<img width=\"800\" height=\"533\" src=\"https:\/\/www.hestasaga.com\/wp-content\/uploads\/ueber_uns_kristin.jpg\" class=\"attachment-large size-large wp-image-1146\" alt=\"\" srcset=\"https:\/\/www.hestasaga.com\/wp-content\/uploads\/ueber_uns_kristin.jpg 800w, https:\/\/www.hestasaga.com\/wp-content\/uploads\/ueber_uns_kristin-300x200.jpg 300w, https:\/\/www.hestasaga.com\/wp-content\/uploads\/ueber_uns_kristin-768x512.jpg 768w\" sizes=\"(max-width: 800px) 100vw, 800px\" \/>\t\t\t\t\t\t\t\t\t\t\t\t\t\t\t<\/div>\n\t\t\t\t<\/div>\n\t\t\t\t<div class=\"elementor-element elementor-element-5fa10ec elementor-widget elementor-widget-text-editor\" data-id=\"5fa10ec\" data-element_type=\"widget\" data-widget_type=\"text-editor.default\">\n\t\t\t\t<div class=\"elementor-widget-container\">\n\t\t\t\t\t\t\t<p><em>Krist\u00edn Halld\u00f3rsd\u00f3ttir<\/em><\/p>\t\t\t\t\t\t<\/div>\n\t\t\t\t<\/div>\n\t\t\t\t\t<\/div>\n\t\t<\/div>\n\t\t\t\t\t\t\t<\/div>\n\t\t<\/section>\n\t\t\t\t<section class=\"elementor-section elementor-top-section elementor-element elementor-element-99909f7 elementor-section-boxed elementor-section-height-default elementor-section-height-default\" data-id=\"99909f7\" data-element_type=\"section\">\n\t\t\t\t\t\t<div class=\"elementor-container elementor-column-gap-default\">\n\t\t\t\t\t<div class=\"elementor-column elementor-col-100 elementor-top-column elementor-element elementor-element-a7ffec4\" data-id=\"a7ffec4\" data-element_type=\"column\">\n\t\t\t<div class=\"elementor-widget-wrap elementor-element-populated\">\n\t\t\t\t\t\t\t\t<div class=\"elementor-element elementor-element-e7a497b elementor-headline--style-highlight elementor-widget elementor-widget-animated-headline\" data-id=\"e7a497b\" data-element_type=\"widget\" data-settings=\"{&quot;marker&quot;:&quot;underline&quot;,&quot;highlighted_text&quot;:&quot;Monika and Kristin&quot;,&quot;headline_style&quot;:&quot;highlight&quot;,&quot;loop&quot;:&quot;yes&quot;,&quot;highlight_animation_duration&quot;:1200,&quot;highlight_iteration_delay&quot;:8000}\" data-widget_type=\"animated-headline.default\">\n\t\t\t\t<div class=\"elementor-widget-container\">\n\t\t\t\t\t<h5 class=\"elementor-headline\">\n\t\t\t\t<span class=\"elementor-headline-dynamic-wrapper elementor-headline-text-wrapper\">\n\t\t\t\t\t<span class=\"elementor-headline-dynamic-text elementor-headline-text-active\">Monika and Kristin<\/span>\n\t\t\t\t<\/span>\n\t\t\t\t<\/h5>\n\t\t\t\t<\/div>\n\t\t\t\t<\/div>\n\t\t\t\t\t<\/div>\n\t\t<\/div>\n\t\t\t\t\t\t\t<\/div>\n\t\t<\/section>\n\t\t\t\t<section class=\"elementor-section elementor-top-section elementor-element elementor-element-948be9c elementor-section-boxed elementor-section-height-default elementor-section-height-default\" data-id=\"948be9c\" data-element_type=\"section\">\n\t\t\t\t\t\t<div class=\"elementor-container elementor-column-gap-no\">\n\t\t\t\t\t<div class=\"elementor-column elementor-col-33 elementor-top-column elementor-element elementor-element-7c8ceaf\" data-id=\"7c8ceaf\" data-element_type=\"column\" data-settings=\"{&quot;background_background&quot;:&quot;classic&quot;}\">\n\t\t\t<div class=\"elementor-widget-wrap elementor-element-populated\">\n\t\t\t\t\t\t\t\t<div class=\"elementor-element elementor-element-e25a641 elementor-position-left elementor-vertical-align-middle elementor-widget elementor-widget-image-box\" data-id=\"e25a641\" data-element_type=\"widget\" data-widget_type=\"image-box.default\">\n\t\t\t\t<div class=\"elementor-widget-container\">\n\t\t\t<div class=\"elementor-image-box-wrapper\"><figure class=\"elementor-image-box-img\"><img src=\"https:\/\/www.hestasaga.com\/wp-content\/uploads\/feather-and-ink.svg\" class=\"attachment-full size-full wp-image-38\" alt=\"\" \/><\/figure><div class=\"elementor-image-box-content\"><h4 class=\"elementor-image-box-title\">Tell us your story! <\/h4><\/div><\/div>\t\t<\/div>\n\t\t\t\t<\/div>\n\t\t\t\t\t<\/div>\n\t\t<\/div>\n\t\t\t\t<div class=\"elementor-column elementor-col-66 elementor-top-column elementor-element elementor-element-0851672\" data-id=\"0851672\" data-element_type=\"column\">\n\t\t\t<div class=\"elementor-widget-wrap elementor-element-populated\">\n\t\t\t\t\t\t\t\t<div class=\"elementor-element elementor-element-953de0f elementor-widget elementor-widget-text-editor\" data-id=\"953de0f\" data-element_type=\"widget\" data-widget_type=\"text-editor.default\">\n\t\t\t\t<div class=\"elementor-widget-container\">\n\t\t\t\t\t\t\t<p>Did you experience a special moment with your horse, or did you already write a story about it? Share your story with us and become part of the HestaSaga community.<\/p><p><br \/><a id=\"contactform\" href=\"#\">SUBMIT YOUR STORY HERE<\/a><\/p>\t\t\t\t\t\t<\/div>\n\t\t\t\t<\/div>\n\t\t\t\t\t<\/div>\n\t\t<\/div>\n\t\t\t\t\t\t\t<\/div>\n\t\t<\/section>\n\t\t\t\t\t\t\t<\/div>\n\t\t","protected":false},"excerpt":{"rendered":"<p>About us and our idea What binds us together is one passion in particular: The Icelandic horse! First of all, we love our own horses. They are indispensably part of our everyday life! We care for them every day, like to go for rides, especially in the nature and breed on a small scale. Mostly, [&hellip;]<\/p>\n","protected":false},"author":5,"featured_media":0,"parent":0,"menu_order":0,"comment_status":"closed","ping_status":"closed","template":"","meta":{"episode_type":"","audio_file":"","cover_image":"","cover_image_id":"","duration":"","filesize":"","date_recorded":"","explicit":"","block":"","filesize_raw":""},"acf":[],"yoast_head":"<!-- This site is optimized with the Yoast SEO plugin v19.7.1 - https:\/\/yoast.com\/wordpress\/plugins\/seo\/ -->\n<title>About Us - Hestasaga<\/title>\n<meta name=\"robots\" content=\"index, follow, max-snippet:-1, max-image-preview:large, max-video-preview:-1\" \/>\n<link rel=\"canonical\" href=\"https:\/\/www.hestasaga.com\/en\/about-us\/\" \/>\n<meta property=\"og:locale\" content=\"en_US\" \/>\n<meta property=\"og:type\" content=\"article\" \/>\n<meta property=\"og:title\" content=\"About Us - Hestasaga\" \/>\n<meta property=\"og:description\" content=\"About us and our idea What binds us together is one passion in particular: The Icelandic horse! First of all, we love our own horses. They are indispensably part of our everyday life! We care for them every day, like to go for rides, especially in the nature and breed on a small scale. Mostly, [&hellip;]\" \/>\n<meta property=\"og:url\" content=\"https:\/\/www.hestasaga.com\/en\/about-us\/\" \/>\n<meta property=\"og:site_name\" content=\"Hestasaga\" \/>\n<meta property=\"article:publisher\" content=\"https:\/\/www.facebook.com\/hestasaga\/\" \/>\n<meta property=\"article:modified_time\" content=\"2019-09-26T14:33:44+00:00\" \/>\n<meta property=\"og:image\" content=\"https:\/\/www.hestasaga.com\/wp-content\/uploads\/ueber_uns_monika.jpg\" \/>\n<meta name=\"twitter:card\" content=\"summary_large_image\" \/>\n<meta name=\"twitter:site\" content=\"@Hestasaga\" \/>\n<meta name=\"twitter:label1\" content=\"Est. reading time\" \/>\n\t<meta name=\"twitter:data1\" content=\"2 minutes\" \/>\n<script type=\"application\/ld+json\" class=\"yoast-schema-graph\">{\"@context\":\"https:\/\/schema.org\",\"@graph\":[{\"@type\":\"WebPage\",\"@id\":\"https:\/\/www.hestasaga.com\/en\/about-us\/\",\"url\":\"https:\/\/www.hestasaga.com\/en\/about-us\/\",\"name\":\"About Us - Hestasaga\",\"isPartOf\":{\"@id\":\"https:\/\/www.hestasaga.com\/en\/#website\"},\"datePublished\":\"2019-09-23T14:48:17+00:00\",\"dateModified\":\"2019-09-26T14:33:44+00:00\",\"breadcrumb\":{\"@id\":\"https:\/\/www.hestasaga.com\/en\/about-us\/#breadcrumb\"},\"inLanguage\":\"en-US\",\"potentialAction\":[{\"@type\":\"ReadAction\",\"target\":[\"https:\/\/www.hestasaga.com\/en\/about-us\/\"]}]},{\"@type\":\"BreadcrumbList\",\"@id\":\"https:\/\/www.hestasaga.com\/en\/about-us\/#breadcrumb\",\"itemListElement\":[{\"@type\":\"ListItem\",\"position\":1,\"name\":\"Startseite\",\"item\":\"https:\/\/www.hestasaga.com\/en\/\"},{\"@type\":\"ListItem\",\"position\":2,\"name\":\"About Us\"}]},{\"@type\":\"WebSite\",\"@id\":\"https:\/\/www.hestasaga.com\/en\/#website\",\"url\":\"https:\/\/www.hestasaga.com\/en\/\",\"name\":\"Hestasaga\",\"description\":\"\",\"publisher\":{\"@id\":\"https:\/\/www.hestasaga.com\/en\/#organization\"},\"potentialAction\":[{\"@type\":\"SearchAction\",\"target\":{\"@type\":\"EntryPoint\",\"urlTemplate\":\"https:\/\/www.hestasaga.com\/en\/?s={search_term_string}\"},\"query-input\":\"required name=search_term_string\"}],\"inLanguage\":\"en-US\"},{\"@type\":\"Organization\",\"@id\":\"https:\/\/www.hestasaga.com\/en\/#organization\",\"name\":\"HestaSaga\",\"url\":\"https:\/\/www.hestasaga.com\/en\/\",\"sameAs\":[\"https:\/\/www.instagram.com\/hestasaga\/\",\"https:\/\/www.facebook.com\/hestasaga\/\",\"https:\/\/twitter.com\/Hestasaga\"],\"logo\":{\"@type\":\"ImageObject\",\"inLanguage\":\"en-US\",\"@id\":\"https:\/\/www.hestasaga.com\/en\/#\/schema\/logo\/image\/\",\"url\":\"https:\/\/www.hestasaga.com\/wp-content\/uploads\/hestasaga_logo.png\",\"contentUrl\":\"https:\/\/www.hestasaga.com\/wp-content\/uploads\/hestasaga_logo.png\",\"width\":600,\"height\":214,\"caption\":\"HestaSaga\"},\"image\":{\"@id\":\"https:\/\/www.hestasaga.com\/en\/#\/schema\/logo\/image\/\"}}]}<\/script>\n<!-- \/ Yoast SEO plugin. -->","yoast_head_json":{"title":"About Us - Hestasaga","robots":{"index":"index","follow":"follow","max-snippet":"max-snippet:-1","max-image-preview":"max-image-preview:large","max-video-preview":"max-video-preview:-1"},"canonical":"https:\/\/www.hestasaga.com\/en\/about-us\/","og_locale":"en_US","og_type":"article","og_title":"About Us - Hestasaga","og_description":"About us and our idea What binds us together is one passion in particular: The Icelandic horse! First of all, we love our own horses. They are indispensably part of our everyday life! We care for them every day, like to go for rides, especially in the nature and breed on a small scale. Mostly, [&hellip;]","og_url":"https:\/\/www.hestasaga.com\/en\/about-us\/","og_site_name":"Hestasaga","article_publisher":"https:\/\/www.facebook.com\/hestasaga\/","article_modified_time":"2019-09-26T14:33:44+00:00","og_image":[{"url":"https:\/\/www.hestasaga.com\/wp-content\/uploads\/ueber_uns_monika.jpg"}],"twitter_card":"summary_large_image","twitter_site":"@Hestasaga","twitter_misc":{"Est. reading time":"2 minutes"},"schema":{"@context":"https:\/\/schema.org","@graph":[{"@type":"WebPage","@id":"https:\/\/www.hestasaga.com\/en\/about-us\/","url":"https:\/\/www.hestasaga.com\/en\/about-us\/","name":"About Us - Hestasaga","isPartOf":{"@id":"https:\/\/www.hestasaga.com\/en\/#website"},"datePublished":"2019-09-23T14:48:17+00:00","dateModified":"2019-09-26T14:33:44+00:00","breadcrumb":{"@id":"https:\/\/www.hestasaga.com\/en\/about-us\/#breadcrumb"},"inLanguage":"en-US","potentialAction":[{"@type":"ReadAction","target":["https:\/\/www.hestasaga.com\/en\/about-us\/"]}]},{"@type":"BreadcrumbList","@id":"https:\/\/www.hestasaga.com\/en\/about-us\/#breadcrumb","itemListElement":[{"@type":"ListItem","position":1,"name":"Startseite","item":"https:\/\/www.hestasaga.com\/en\/"},{"@type":"ListItem","position":2,"name":"About Us"}]},{"@type":"WebSite","@id":"https:\/\/www.hestasaga.com\/en\/#website","url":"https:\/\/www.hestasaga.com\/en\/","name":"Hestasaga","description":"","publisher":{"@id":"https:\/\/www.hestasaga.com\/en\/#organization"},"potentialAction":[{"@type":"SearchAction","target":{"@type":"EntryPoint","urlTemplate":"https:\/\/www.hestasaga.com\/en\/?s={search_term_string}"},"query-input":"required name=search_term_string"}],"inLanguage":"en-US"},{"@type":"Organization","@id":"https:\/\/www.hestasaga.com\/en\/#organization","name":"HestaSaga","url":"https:\/\/www.hestasaga.com\/en\/","sameAs":["https:\/\/www.instagram.com\/hestasaga\/","https:\/\/www.facebook.com\/hestasaga\/","https:\/\/twitter.com\/Hestasaga"],"logo":{"@type":"ImageObject","inLanguage":"en-US","@id":"https:\/\/www.hestasaga.com\/en\/#\/schema\/logo\/image\/","url":"https:\/\/www.hestasaga.com\/wp-content\/uploads\/hestasaga_logo.png","contentUrl":"https:\/\/www.hestasaga.com\/wp-content\/uploads\/hestasaga_logo.png","width":600,"height":214,"caption":"HestaSaga"},"image":{"@id":"https:\/\/www.hestasaga.com\/en\/#\/schema\/logo\/image\/"}}]}},"_links":{"self":[{"href":"https:\/\/www.hestasaga.com\/en\/wp-json\/wp\/v2\/pages\/2922"}],"collection":[{"href":"https:\/\/www.hestasaga.com\/en\/wp-json\/wp\/v2\/pages"}],"about":[{"href":"https:\/\/www.hestasaga.com\/en\/wp-json\/wp\/v2\/types\/page"}],"author":[{"embeddable":true,"href":"https:\/\/www.hestasaga.com\/en\/wp-json\/wp\/v2\/users\/5"}],"replies":[{"embeddable":true,"href":"https:\/\/www.hestasaga.com\/en\/wp-json\/wp\/v2\/comments?post=2922"}],"version-history":[{"count":4,"href":"https:\/\/www.hestasaga.com\/en\/wp-json\/wp\/v2\/pages\/2922\/revisions"}],"predecessor-version":[{"id":3315,"href":"https:\/\/www.hestasaga.com\/en\/wp-json\/wp\/v2\/pages\/2922\/revisions\/3315"}],"wp:attachment":[{"href":"https:\/\/www.hestasaga.com\/en\/wp-json\/wp\/v2\/media?parent=2922"}],"curies":[{"name":"wp","href":"https:\/\/api.w.org\/{rel}","templated":true}]}}