{"id":2904,"date":"2019-09-23T16:33:41","date_gmt":"2019-09-23T14:33:41","guid":{"rendered":"http:\/\/neu.hestasaga.com\/?page_id=2904"},"modified":"2019-10-09T10:46:32","modified_gmt":"2019-10-09T08:46:32","slug":"arts-and-culture","status":"publish","type":"page","link":"https:\/\/www.hestasaga.com\/en\/arts-and-culture\/","title":{"rendered":"ARTS AND CULTURE"},"content":{"rendered":"\t\t<div data-elementor-type=\"wp-post\" data-elementor-id=\"2904\" class=\"elementor elementor-2904 elementor-8\" data-elementor-post-type=\"page\">\n\t\t\t\t\t\t\t\t\t<section class=\"elementor-section elementor-top-section elementor-element elementor-element-3b2224a elementor-section-boxed elementor-section-height-default elementor-section-height-default\" data-id=\"3b2224a\" data-element_type=\"section\">\n\t\t\t\t\t\t<div class=\"elementor-container elementor-column-gap-default\">\n\t\t\t\t\t<div class=\"elementor-column elementor-col-66 elementor-top-column elementor-element elementor-element-31ae33d\" data-id=\"31ae33d\" data-element_type=\"column\">\n\t\t\t<div class=\"elementor-widget-wrap elementor-element-populated\">\n\t\t\t\t\t\t\t\t<div class=\"elementor-element elementor-element-94c3ef3 elementor-widget elementor-widget-heading\" data-id=\"94c3ef3\" data-element_type=\"widget\" data-widget_type=\"heading.default\">\n\t\t\t\t<div class=\"elementor-widget-container\">\n\t\t\t<h2 class=\"elementor-heading-title elementor-size-default\">ARTS AND CULTURE<\/h2>\t\t<\/div>\n\t\t\t\t<\/div>\n\t\t\t\t<div class=\"elementor-element elementor-element-bba5e63 elementor-widget elementor-widget-text-editor\" data-id=\"bba5e63\" data-element_type=\"widget\" data-widget_type=\"text-editor.default\">\n\t\t\t\t<div class=\"elementor-widget-container\">\n\t\t\t\t\t\t\t<p>&#8230;around the Icelandic horse\u00a0 \u2013 and beyond<\/p>\t\t\t\t\t\t<\/div>\n\t\t\t\t<\/div>\n\t\t\t\t\t<\/div>\n\t\t<\/div>\n\t\t\t\t<div class=\"elementor-column elementor-col-33 elementor-top-column elementor-element elementor-element-3c2dd02\" data-id=\"3c2dd02\" data-element_type=\"column\">\n\t\t\t<div class=\"elementor-widget-wrap elementor-element-populated\">\n\t\t\t\t\t\t\t\t<div class=\"elementor-element elementor-element-14afdd2 textlink elementor-widget elementor-widget-text-editor\" data-id=\"14afdd2\" data-element_type=\"widget\" data-widget_type=\"text-editor.default\">\n\t\t\t\t<div class=\"elementor-widget-container\">\n\t\t\t\t\t\t\t<a href=\"https:\/\/www.hestasaga.com\/en\/stories\">go to stories \u00bb<\/a>\t\t\t\t\t\t<\/div>\n\t\t\t\t<\/div>\n\t\t\t\t\t<\/div>\n\t\t<\/div>\n\t\t\t\t\t\t\t<\/div>\n\t\t<\/section>\n\t\t\t\t<section class=\"elementor-section elementor-top-section elementor-element elementor-element-505d3f4 elementor-section-boxed elementor-section-height-default elementor-section-height-default\" data-id=\"505d3f4\" data-element_type=\"section\">\n\t\t\t\t\t\t<div class=\"elementor-container elementor-column-gap-default\">\n\t\t\t\t\t<div class=\"elementor-column elementor-col-100 elementor-top-column elementor-element elementor-element-464e01e\" data-id=\"464e01e\" data-element_type=\"column\">\n\t\t\t<div class=\"elementor-widget-wrap elementor-element-populated\">\n\t\t\t\t\t\t\t\t<div class=\"elementor-element elementor-element-2186a46 elementor-grid-3 elementor-grid-tablet-2 elementor-grid-mobile-1 elementor-posts--thumbnail-top elementor-card-shadow-yes elementor-posts__hover-gradient elementor-widget elementor-widget-posts\" data-id=\"2186a46\" data-element_type=\"widget\" data-settings=\"{&quot;cards_masonry&quot;:&quot;yes&quot;,&quot;cards_columns&quot;:&quot;3&quot;,&quot;cards_columns_tablet&quot;:&quot;2&quot;,&quot;cards_columns_mobile&quot;:&quot;1&quot;,&quot;cards_row_gap&quot;:{&quot;unit&quot;:&quot;px&quot;,&quot;size&quot;:35,&quot;sizes&quot;:[]},&quot;cards_row_gap_tablet&quot;:{&quot;unit&quot;:&quot;px&quot;,&quot;size&quot;:&quot;&quot;,&quot;sizes&quot;:[]},&quot;cards_row_gap_mobile&quot;:{&quot;unit&quot;:&quot;px&quot;,&quot;size&quot;:&quot;&quot;,&quot;sizes&quot;:[]}}\" data-widget_type=\"posts.cards\">\n\t\t\t\t<div class=\"elementor-widget-container\">\n\t\t\t\t\t<div class=\"elementor-posts-container elementor-posts elementor-posts--skin-cards elementor-grid\">\n\t\t\t\t<article class=\"elementor-post elementor-grid-item post-8436 kunst_kultur type-kunst_kultur status-publish has-post-thumbnail hentry\">\n\t\t\t<div class=\"elementor-post__card\">\n\t\t\t\t<a class=\"elementor-post__thumbnail__link\" href=\"https:\/\/www.hestasaga.com\/en\/kunst_kultur\/faroe-islands-the-islands-of-surprises\/\" tabindex=\"-1\" ><div class=\"elementor-post__thumbnail\"><img fetchpriority=\"high\" width=\"300\" height=\"199\" src=\"https:\/\/www.hestasaga.com\/wp-content\/uploads\/weatherproof-g5a2090c6f_1920-2-300x199.jpg\" class=\"attachment-medium size-medium wp-image-8379\" alt=\"\" srcset=\"https:\/\/www.hestasaga.com\/wp-content\/uploads\/weatherproof-g5a2090c6f_1920-2-300x199.jpg 300w, https:\/\/www.hestasaga.com\/wp-content\/uploads\/weatherproof-g5a2090c6f_1920-2-1024x680.jpg 1024w, https:\/\/www.hestasaga.com\/wp-content\/uploads\/weatherproof-g5a2090c6f_1920-2-768x510.jpg 768w, https:\/\/www.hestasaga.com\/wp-content\/uploads\/weatherproof-g5a2090c6f_1920-2-1536x1020.jpg 1536w, https:\/\/www.hestasaga.com\/wp-content\/uploads\/weatherproof-g5a2090c6f_1920-2.jpg 1920w\" sizes=\"(max-width: 300px) 100vw, 300px\" \/><\/div><\/a>\n\t\t\t\t<div class=\"elementor-post__text\">\n\t\t\t\t<h3 class=\"elementor-post__title\">\n\t\t\t<a href=\"https:\/\/www.hestasaga.com\/en\/kunst_kultur\/faroe-islands-the-islands-of-surprises\/\" >\n\t\t\t\tFaroe Islands, the islands of surprises!\t\t\t<\/a>\n\t\t<\/h3>\n\t\t\t\t<div class=\"elementor-post__excerpt\">\n\t\t\t<p>Faroe Islands an undiscovered natural paradise with landscapes of breathtaking beauty and the country where the little Faroe horses come from.<\/p>\n\t\t<\/div>\n\t\t\n\t\t<a class=\"elementor-post__read-more\" href=\"https:\/\/www.hestasaga.com\/en\/kunst_kultur\/faroe-islands-the-islands-of-surprises\/\" aria-label=\"Read more about Faroe Islands, the islands of surprises!\" tabindex=\"-1\" >\n\t\t\tread more\t\t<\/a>\n\n\t\t\t\t<\/div>\n\t\t\t\t<div class=\"elementor-post__meta-data\">\n\t\t\t\t\t<span class=\"elementor-post-date\">\n\t\t\t22. February 2022\t\t<\/span>\n\t\t\t\t<span class=\"elementor-post-avatar\">\n\t\t\tNo Comments\t\t<\/span>\n\t\t\t\t<\/div>\n\t\t\t\t\t<\/div>\n\t\t<\/article>\n\t\t\t\t<article class=\"elementor-post elementor-grid-item post-5578 kunst_kultur type-kunst_kultur status-publish has-post-thumbnail hentry\">\n\t\t\t<div class=\"elementor-post__card\">\n\t\t\t\t<a class=\"elementor-post__thumbnail__link\" href=\"https:\/\/www.hestasaga.com\/en\/kunst_kultur\/extract-from-a-dangerous-ride-by-jon-sveinsson\/\" tabindex=\"-1\" ><div class=\"elementor-post__thumbnail\"><img width=\"300\" height=\"166\" src=\"https:\/\/www.hestasaga.com\/wp-content\/uploads\/Nonni-LP-engl.-300x166.jpg\" class=\"attachment-medium size-medium wp-image-5617\" alt=\"\" srcset=\"https:\/\/www.hestasaga.com\/wp-content\/uploads\/Nonni-LP-engl.-300x166.jpg 300w, https:\/\/www.hestasaga.com\/wp-content\/uploads\/Nonni-LP-engl..jpg 736w\" sizes=\"(max-width: 300px) 100vw, 300px\" \/><\/div><\/a>\n\t\t\t\t<div class=\"elementor-post__text\">\n\t\t\t\t<h3 class=\"elementor-post__title\">\n\t\t\t<a href=\"https:\/\/www.hestasaga.com\/en\/kunst_kultur\/extract-from-a-dangerous-ride-by-jon-sveinsson\/\" >\n\t\t\t\tExtract from: &#8220;A Dangerous Ride&#8221; by J\u00f3n Sveinsson.\t\t\t<\/a>\n\t\t<\/h3>\n\t\t\t\t<div class=\"elementor-post__excerpt\">\n\t\t\t<p>The stories of Nonni and Manni are known to most people today only from the movies. But the books once enchanted an audience of millions all over the Gobus. Therefore HestaSaga would like to introduce you to a small reading sample.<br \/>\nIn the following article of our little Nonni series you will learn what effect the reading of Svensson&#8217;s books had on a reader.<\/p>\n\t\t<\/div>\n\t\t\n\t\t<a class=\"elementor-post__read-more\" href=\"https:\/\/www.hestasaga.com\/en\/kunst_kultur\/extract-from-a-dangerous-ride-by-jon-sveinsson\/\" aria-label=\"Read more about Extract from: &#8220;A Dangerous Ride&#8221; by J\u00f3n Sveinsson.\" tabindex=\"-1\" >\n\t\t\tread more\t\t<\/a>\n\n\t\t\t\t<\/div>\n\t\t\t\t<div class=\"elementor-post__meta-data\">\n\t\t\t\t\t<span class=\"elementor-post-date\">\n\t\t\t16. February 2020\t\t<\/span>\n\t\t\t\t<span class=\"elementor-post-avatar\">\n\t\t\tNo Comments\t\t<\/span>\n\t\t\t\t<\/div>\n\t\t\t\t\t<\/div>\n\t\t<\/article>\n\t\t\t\t<article class=\"elementor-post elementor-grid-item post-4118 kunst_kultur type-kunst_kultur status-publish has-post-thumbnail hentry\">\n\t\t\t<div class=\"elementor-post__card\">\n\t\t\t\t<a class=\"elementor-post__thumbnail__link\" href=\"https:\/\/www.hestasaga.com\/en\/kunst_kultur\/book-tip-petur-behrens-hestar\/\" tabindex=\"-1\" ><div class=\"elementor-post__thumbnail\"><img width=\"284\" height=\"300\" src=\"https:\/\/www.hestasaga.com\/wp-content\/uploads\/HS-Petur-5-284x300.jpg\" class=\"attachment-medium size-medium wp-image-4057\" alt=\"\" srcset=\"https:\/\/www.hestasaga.com\/wp-content\/uploads\/HS-Petur-5-284x300.jpg 284w, https:\/\/www.hestasaga.com\/wp-content\/uploads\/HS-Petur-5-768x813.jpg 768w, https:\/\/www.hestasaga.com\/wp-content\/uploads\/HS-Petur-5-968x1024.jpg 968w, https:\/\/www.hestasaga.com\/wp-content\/uploads\/HS-Petur-5.jpg 1000w\" sizes=\"(max-width: 284px) 100vw, 284px\" \/><\/div><\/a>\n\t\t\t\t<div class=\"elementor-post__text\">\n\t\t\t\t<h3 class=\"elementor-post__title\">\n\t\t\t<a href=\"https:\/\/www.hestasaga.com\/en\/kunst_kultur\/book-tip-petur-behrens-hestar\/\" >\n\t\t\t\tBook Tip &#8211; P\u00e9tur Behrens-Hestar\t\t\t<\/a>\n\t\t<\/h3>\n\t\t\t\t<div class=\"elementor-post__excerpt\">\n\t\t\t<p>This book, which was published in 2016, was a real discovery for me. I enjoyed browsing from page to page and looking at horses and<\/p>\n\t\t<\/div>\n\t\t\n\t\t<a class=\"elementor-post__read-more\" href=\"https:\/\/www.hestasaga.com\/en\/kunst_kultur\/book-tip-petur-behrens-hestar\/\" aria-label=\"Read more about Book Tip &#8211; P\u00e9tur Behrens-Hestar\" tabindex=\"-1\" >\n\t\t\tread more\t\t<\/a>\n\n\t\t\t\t<\/div>\n\t\t\t\t<div class=\"elementor-post__meta-data\">\n\t\t\t\t\t<span class=\"elementor-post-date\">\n\t\t\t27. October 2019\t\t<\/span>\n\t\t\t\t<span class=\"elementor-post-avatar\">\n\t\t\tNo Comments\t\t<\/span>\n\t\t\t\t<\/div>\n\t\t\t\t\t<\/div>\n\t\t<\/article>\n\t\t\t\t<article class=\"elementor-post elementor-grid-item post-1522 kunst_kultur type-kunst_kultur status-publish has-post-thumbnail hentry\">\n\t\t\t<div class=\"elementor-post__card\">\n\t\t\t\t<a class=\"elementor-post__thumbnail__link\" href=\"https:\/\/www.hestasaga.com\/en\/kunst_kultur\/jon-svensson\/\" tabindex=\"-1\" ><div class=\"elementor-post__thumbnail\"><img loading=\"lazy\" width=\"300\" height=\"191\" src=\"https:\/\/www.hestasaga.com\/wp-content\/uploads\/nonni_cover2-300x191.jpg\" class=\"attachment-medium size-medium wp-image-1180\" alt=\"\" srcset=\"https:\/\/www.hestasaga.com\/wp-content\/uploads\/nonni_cover2-300x191.jpg 300w, https:\/\/www.hestasaga.com\/wp-content\/uploads\/nonni_cover2.jpg 480w\" sizes=\"(max-width: 300px) 100vw, 300px\" \/><\/div><\/a>\n\t\t\t\t<div class=\"elementor-post__text\">\n\t\t\t\t<h3 class=\"elementor-post__title\">\n\t\t\t<a href=\"https:\/\/www.hestasaga.com\/en\/kunst_kultur\/jon-svensson\/\" >\n\t\t\t\tJ\u00f3n Svensson\t\t\t<\/a>\n\t\t<\/h3>\n\t\t\t\t<div class=\"elementor-post__excerpt\">\n\t\t\t<p>Who knows this name: &#8220;J\u00f3n Svensson&#8221;? Probably the least. His nickname Nonni, however, some will certainly know. Most people probably know Nonni from the television<\/p>\n\t\t<\/div>\n\t\t\n\t\t<a class=\"elementor-post__read-more\" href=\"https:\/\/www.hestasaga.com\/en\/kunst_kultur\/jon-svensson\/\" aria-label=\"Read more about J\u00f3n Svensson\" tabindex=\"-1\" >\n\t\t\tread more\t\t<\/a>\n\n\t\t\t\t<\/div>\n\t\t\t\t<div class=\"elementor-post__meta-data\">\n\t\t\t\t\t<span class=\"elementor-post-date\">\n\t\t\t22. August 2019\t\t<\/span>\n\t\t\t\t<span class=\"elementor-post-avatar\">\n\t\t\tNo Comments\t\t<\/span>\n\t\t\t\t<\/div>\n\t\t\t\t\t<\/div>\n\t\t<\/article>\n\t\t\t\t<article class=\"elementor-post elementor-grid-item post-4504 kunst_kultur type-kunst_kultur status-publish has-post-thumbnail hentry\">\n\t\t\t<div class=\"elementor-post__card\">\n\t\t\t\t<a class=\"elementor-post__thumbnail__link\" href=\"https:\/\/www.hestasaga.com\/en\/kunst_kultur\/maria-sigridur-gisladottir\/\" tabindex=\"-1\" ><div class=\"elementor-post__thumbnail\"><img loading=\"lazy\" width=\"300\" height=\"221\" src=\"https:\/\/www.hestasaga.com\/wp-content\/uploads\/Maja_2-300x221.jpg\" class=\"attachment-medium size-medium wp-image-499\" alt=\"\" srcset=\"https:\/\/www.hestasaga.com\/wp-content\/uploads\/Maja_2-300x221.jpg 300w, https:\/\/www.hestasaga.com\/wp-content\/uploads\/Maja_2-768x566.jpg 768w, https:\/\/www.hestasaga.com\/wp-content\/uploads\/Maja_2-1024x754.jpg 1024w, https:\/\/www.hestasaga.com\/wp-content\/uploads\/Maja_2.jpg 1200w\" sizes=\"(max-width: 300px) 100vw, 300px\" \/><\/div><\/a>\n\t\t\t\t<div class=\"elementor-post__text\">\n\t\t\t\t<h3 class=\"elementor-post__title\">\n\t\t\t<a href=\"https:\/\/www.hestasaga.com\/en\/kunst_kultur\/maria-sigridur-gisladottir\/\" >\n\t\t\t\tMar\u00eda Sigr\u00ed\u00f0ur G\u00edslad\u00f3ttir\t\t\t<\/a>\n\t\t<\/h3>\n\t\t\t\t<div class=\"elementor-post__excerpt\">\n\t\t\t<p>Mar\u00eda has been drawing and painting since her earliest childhood. She studied art at Fj\u00f6lbrautask\u00f3linn \u00ed Brei\u00f0holti as well as Myndlistask\u00f3li Reykjav\u00edkur. Her whole life &#8211; professional and private &#8211; revolves around art.<\/p>\n\t\t<\/div>\n\t\t\n\t\t<a class=\"elementor-post__read-more\" href=\"https:\/\/www.hestasaga.com\/en\/kunst_kultur\/maria-sigridur-gisladottir\/\" aria-label=\"Read more about Mar\u00eda Sigr\u00ed\u00f0ur G\u00edslad\u00f3ttir\" tabindex=\"-1\" >\n\t\t\tread more\t\t<\/a>\n\n\t\t\t\t<\/div>\n\t\t\t\t<div class=\"elementor-post__meta-data\">\n\t\t\t\t\t<span class=\"elementor-post-date\">\n\t\t\t5. August 2019\t\t<\/span>\n\t\t\t\t<span class=\"elementor-post-avatar\">\n\t\t\tNo Comments\t\t<\/span>\n\t\t\t\t<\/div>\n\t\t\t\t\t<\/div>\n\t\t<\/article>\n\t\t\t\t<\/div>\n\t\t\n\t\t\t\t<\/div>\n\t\t\t\t<\/div>\n\t\t\t\t\t<\/div>\n\t\t<\/div>\n\t\t\t\t\t\t\t<\/div>\n\t\t<\/section>\n\t\t\t\t\t\t\t<\/div>\n\t\t","protected":false},"excerpt":{"rendered":"<p>ARTS AND CULTURE &#8230;around the Icelandic horse\u00a0 \u2013 and beyond go to stories \u00bb<\/p>\n","protected":false},"author":5,"featured_media":0,"parent":0,"menu_order":0,"comment_status":"closed","ping_status":"closed","template":"","meta":{"episode_type":"","audio_file":"","cover_image":"","cover_image_id":"","duration":"","filesize":"","date_recorded":"","explicit":"","block":"","filesize_raw":""},"acf":[],"yoast_head":"<!-- This site is optimized with the Yoast SEO plugin v19.7.1 - https:\/\/yoast.com\/wordpress\/plugins\/seo\/ -->\n<title>ARTS AND CULTURE - Hestasaga<\/title>\n<meta name=\"robots\" content=\"index, follow, max-snippet:-1, max-image-preview:large, max-video-preview:-1\" \/>\n<link rel=\"canonical\" href=\"https:\/\/www.hestasaga.com\/en\/arts-and-culture\/\" \/>\n<meta property=\"og:locale\" content=\"en_US\" \/>\n<meta property=\"og:type\" content=\"article\" \/>\n<meta property=\"og:title\" content=\"ARTS AND CULTURE - Hestasaga\" \/>\n<meta property=\"og:description\" content=\"ARTS AND CULTURE &#8230;around the Icelandic horse\u00a0 \u2013 and beyond go to stories \u00bb\" \/>\n<meta property=\"og:url\" content=\"https:\/\/www.hestasaga.com\/en\/arts-and-culture\/\" \/>\n<meta property=\"og:site_name\" content=\"Hestasaga\" \/>\n<meta property=\"article:publisher\" content=\"https:\/\/www.facebook.com\/hestasaga\/\" \/>\n<meta property=\"article:modified_time\" content=\"2019-10-09T08:46:32+00:00\" \/>\n<meta name=\"twitter:card\" content=\"summary_large_image\" \/>\n<meta name=\"twitter:site\" content=\"@Hestasaga\" \/>\n<script type=\"application\/ld+json\" class=\"yoast-schema-graph\">{\"@context\":\"https:\/\/schema.org\",\"@graph\":[{\"@type\":\"WebPage\",\"@id\":\"https:\/\/www.hestasaga.com\/en\/arts-and-culture\/\",\"url\":\"https:\/\/www.hestasaga.com\/en\/arts-and-culture\/\",\"name\":\"ARTS AND CULTURE - Hestasaga\",\"isPartOf\":{\"@id\":\"https:\/\/www.hestasaga.com\/en\/#website\"},\"datePublished\":\"2019-09-23T14:33:41+00:00\",\"dateModified\":\"2019-10-09T08:46:32+00:00\",\"breadcrumb\":{\"@id\":\"https:\/\/www.hestasaga.com\/en\/arts-and-culture\/#breadcrumb\"},\"inLanguage\":\"en-US\",\"potentialAction\":[{\"@type\":\"ReadAction\",\"target\":[\"https:\/\/www.hestasaga.com\/en\/arts-and-culture\/\"]}]},{\"@type\":\"BreadcrumbList\",\"@id\":\"https:\/\/www.hestasaga.com\/en\/arts-and-culture\/#breadcrumb\",\"itemListElement\":[{\"@type\":\"ListItem\",\"position\":1,\"name\":\"Startseite\",\"item\":\"https:\/\/www.hestasaga.com\/en\/\"},{\"@type\":\"ListItem\",\"position\":2,\"name\":\"ARTS AND CULTURE\"}]},{\"@type\":\"WebSite\",\"@id\":\"https:\/\/www.hestasaga.com\/en\/#website\",\"url\":\"https:\/\/www.hestasaga.com\/en\/\",\"name\":\"Hestasaga\",\"description\":\"\",\"publisher\":{\"@id\":\"https:\/\/www.hestasaga.com\/en\/#organization\"},\"potentialAction\":[{\"@type\":\"SearchAction\",\"target\":{\"@type\":\"EntryPoint\",\"urlTemplate\":\"https:\/\/www.hestasaga.com\/en\/?s={search_term_string}\"},\"query-input\":\"required name=search_term_string\"}],\"inLanguage\":\"en-US\"},{\"@type\":\"Organization\",\"@id\":\"https:\/\/www.hestasaga.com\/en\/#organization\",\"name\":\"HestaSaga\",\"url\":\"https:\/\/www.hestasaga.com\/en\/\",\"sameAs\":[\"https:\/\/www.instagram.com\/hestasaga\/\",\"https:\/\/www.facebook.com\/hestasaga\/\",\"https:\/\/twitter.com\/Hestasaga\"],\"logo\":{\"@type\":\"ImageObject\",\"inLanguage\":\"en-US\",\"@id\":\"https:\/\/www.hestasaga.com\/en\/#\/schema\/logo\/image\/\",\"url\":\"https:\/\/www.hestasaga.com\/wp-content\/uploads\/hestasaga_logo.png\",\"contentUrl\":\"https:\/\/www.hestasaga.com\/wp-content\/uploads\/hestasaga_logo.png\",\"width\":600,\"height\":214,\"caption\":\"HestaSaga\"},\"image\":{\"@id\":\"https:\/\/www.hestasaga.com\/en\/#\/schema\/logo\/image\/\"}}]}<\/script>\n<!-- \/ Yoast SEO plugin. -->","yoast_head_json":{"title":"ARTS AND CULTURE - Hestasaga","robots":{"index":"index","follow":"follow","max-snippet":"max-snippet:-1","max-image-preview":"max-image-preview:large","max-video-preview":"max-video-preview:-1"},"canonical":"https:\/\/www.hestasaga.com\/en\/arts-and-culture\/","og_locale":"en_US","og_type":"article","og_title":"ARTS AND CULTURE - Hestasaga","og_description":"ARTS AND CULTURE &#8230;around the Icelandic horse\u00a0 \u2013 and beyond go to stories \u00bb","og_url":"https:\/\/www.hestasaga.com\/en\/arts-and-culture\/","og_site_name":"Hestasaga","article_publisher":"https:\/\/www.facebook.com\/hestasaga\/","article_modified_time":"2019-10-09T08:46:32+00:00","twitter_card":"summary_large_image","twitter_site":"@Hestasaga","schema":{"@context":"https:\/\/schema.org","@graph":[{"@type":"WebPage","@id":"https:\/\/www.hestasaga.com\/en\/arts-and-culture\/","url":"https:\/\/www.hestasaga.com\/en\/arts-and-culture\/","name":"ARTS AND CULTURE - Hestasaga","isPartOf":{"@id":"https:\/\/www.hestasaga.com\/en\/#website"},"datePublished":"2019-09-23T14:33:41+00:00","dateModified":"2019-10-09T08:46:32+00:00","breadcrumb":{"@id":"https:\/\/www.hestasaga.com\/en\/arts-and-culture\/#breadcrumb"},"inLanguage":"en-US","potentialAction":[{"@type":"ReadAction","target":["https:\/\/www.hestasaga.com\/en\/arts-and-culture\/"]}]},{"@type":"BreadcrumbList","@id":"https:\/\/www.hestasaga.com\/en\/arts-and-culture\/#breadcrumb","itemListElement":[{"@type":"ListItem","position":1,"name":"Startseite","item":"https:\/\/www.hestasaga.com\/en\/"},{"@type":"ListItem","position":2,"name":"ARTS AND CULTURE"}]},{"@type":"WebSite","@id":"https:\/\/www.hestasaga.com\/en\/#website","url":"https:\/\/www.hestasaga.com\/en\/","name":"Hestasaga","description":"","publisher":{"@id":"https:\/\/www.hestasaga.com\/en\/#organization"},"potentialAction":[{"@type":"SearchAction","target":{"@type":"EntryPoint","urlTemplate":"https:\/\/www.hestasaga.com\/en\/?s={search_term_string}"},"query-input":"required name=search_term_string"}],"inLanguage":"en-US"},{"@type":"Organization","@id":"https:\/\/www.hestasaga.com\/en\/#organization","name":"HestaSaga","url":"https:\/\/www.hestasaga.com\/en\/","sameAs":["https:\/\/www.instagram.com\/hestasaga\/","https:\/\/www.facebook.com\/hestasaga\/","https:\/\/twitter.com\/Hestasaga"],"logo":{"@type":"ImageObject","inLanguage":"en-US","@id":"https:\/\/www.hestasaga.com\/en\/#\/schema\/logo\/image\/","url":"https:\/\/www.hestasaga.com\/wp-content\/uploads\/hestasaga_logo.png","contentUrl":"https:\/\/www.hestasaga.com\/wp-content\/uploads\/hestasaga_logo.png","width":600,"height":214,"caption":"HestaSaga"},"image":{"@id":"https:\/\/www.hestasaga.com\/en\/#\/schema\/logo\/image\/"}}]}},"_links":{"self":[{"href":"https:\/\/www.hestasaga.com\/en\/wp-json\/wp\/v2\/pages\/2904"}],"collection":[{"href":"https:\/\/www.hestasaga.com\/en\/wp-json\/wp\/v2\/pages"}],"about":[{"href":"https:\/\/www.hestasaga.com\/en\/wp-json\/wp\/v2\/types\/page"}],"author":[{"embeddable":true,"href":"https:\/\/www.hestasaga.com\/en\/wp-json\/wp\/v2\/users\/5"}],"replies":[{"embeddable":true,"href":"https:\/\/www.hestasaga.com\/en\/wp-json\/wp\/v2\/comments?post=2904"}],"version-history":[{"count":6,"href":"https:\/\/www.hestasaga.com\/en\/wp-json\/wp\/v2\/pages\/2904\/revisions"}],"predecessor-version":[{"id":3806,"href":"https:\/\/www.hestasaga.com\/en\/wp-json\/wp\/v2\/pages\/2904\/revisions\/3806"}],"wp:attachment":[{"href":"https:\/\/www.hestasaga.com\/en\/wp-json\/wp\/v2\/media?parent=2904"}],"curies":[{"name":"wp","href":"https:\/\/api.w.org\/{rel}","templated":true}]}}