{"id":6183,"date":"2020-03-05T08:13:28","date_gmt":"2020-03-05T07:13:28","guid":{"rendered":"https:\/\/www.hestasaga.com\/?page_id=6183"},"modified":"2020-06-17T13:48:04","modified_gmt":"2020-06-17T11:48:04","slug":"podcasts","status":"publish","type":"page","link":"https:\/\/www.hestasaga.com\/de\/podcasts\/","title":{"rendered":"Podcasts"},"content":{"rendered":"\t\t<div data-elementor-type=\"wp-page\" data-elementor-id=\"6183\" class=\"elementor elementor-6183\" data-elementor-post-type=\"page\">\n\t\t\t\t\t\t\t\t\t<section class=\"elementor-section elementor-top-section elementor-element elementor-element-82bba1e elementor-section-boxed elementor-section-height-default elementor-section-height-default\" data-id=\"82bba1e\" data-element_type=\"section\">\n\t\t\t\t\t\t<div class=\"elementor-container elementor-column-gap-default\">\n\t\t\t\t\t<div class=\"elementor-column elementor-col-66 elementor-top-column elementor-element elementor-element-daf3208\" data-id=\"daf3208\" data-element_type=\"column\">\n\t\t\t<div class=\"elementor-widget-wrap elementor-element-populated\">\n\t\t\t\t\t\t\t\t<div class=\"elementor-element elementor-element-b18607d elementor-widget elementor-widget-heading\" data-id=\"b18607d\" data-element_type=\"widget\" data-widget_type=\"heading.default\">\n\t\t\t\t<div class=\"elementor-widget-container\">\n\t\t\t<h2 class=\"elementor-heading-title elementor-size-default\">Podcasts<\/h2>\t\t<\/div>\n\t\t\t\t<\/div>\n\t\t\t\t<div class=\"elementor-element elementor-element-972973f elementor-widget elementor-widget-text-editor\" data-id=\"972973f\" data-element_type=\"widget\" data-widget_type=\"text-editor.default\">\n\t\t\t\t<div class=\"elementor-widget-container\">\n\t\t\t\t\t\t\t<p><strong>Jetzt neu:\u00a0<\/strong>Podcasts von HestaSaga.<\/p>\t\t\t\t\t\t<\/div>\n\t\t\t\t<\/div>\n\t\t\t\t\t<\/div>\n\t\t<\/div>\n\t\t\t\t<div class=\"elementor-column elementor-col-33 elementor-top-column elementor-element elementor-element-504554e\" data-id=\"504554e\" data-element_type=\"column\">\n\t\t\t<div class=\"elementor-widget-wrap elementor-element-populated\">\n\t\t\t\t\t\t\t\t<div class=\"elementor-element elementor-element-7b77517 elementor-widget elementor-widget-text-editor\" data-id=\"7b77517\" data-element_type=\"widget\" data-widget_type=\"text-editor.default\">\n\t\t\t\t<div class=\"elementor-widget-container\">\n\t\t\t\t\t\t\t<p>Entdecken Sie auch:<br \/><a href=\"https:\/\/www.hestasaga.com\/kunst-kultur\/\">Kunst und Kultur<\/a> und <a href=\"https:\/\/www.hestasaga.com\/panorama\/\">Panorama<\/a><\/p>\t\t\t\t\t\t<\/div>\n\t\t\t\t<\/div>\n\t\t\t\t\t<\/div>\n\t\t<\/div>\n\t\t\t\t\t\t\t<\/div>\n\t\t<\/section>\n\t\t\t\t<section class=\"elementor-section elementor-top-section elementor-element elementor-element-cfacc84 elementor-section-boxed elementor-section-height-default elementor-section-height-default\" data-id=\"cfacc84\" data-element_type=\"section\">\n\t\t\t\t\t\t<div class=\"elementor-container elementor-column-gap-default\">\n\t\t\t\t\t<div class=\"elementor-column elementor-col-100 elementor-top-column elementor-element elementor-element-9f3533b\" data-id=\"9f3533b\" data-element_type=\"column\">\n\t\t\t<div class=\"elementor-widget-wrap elementor-element-populated\">\n\t\t\t\t\t\t\t\t<div class=\"elementor-element elementor-element-a0b201e elementor-widget elementor-widget-shortcode\" data-id=\"a0b201e\" data-element_type=\"widget\" data-widget_type=\"shortcode.default\">\n\t\t\t\t<div class=\"elementor-widget-container\">\n\t\t\t\t\t<div class=\"elementor-shortcode\"><div id=\"325688403\" class=\"castos-player light-mode \"\n\t data-episode=\"7045\" data-player_id=\"325688403\">\n\t<div class=\"player\">\n\t\t<div class=\"player__main\">\n\t\t\t<div class=\"player__artwork player__artwork-7045\">\n\t\t\t\t<img src=\"https:\/\/www.hestasaga.com\/wp-content\/uploads\/podcast-img-150x150.jpg\"\n\t\t\t\t\t alt=\"Geschichten auf Deutsch\"\n\t\t\t\t\t title=\"Geschichten auf Deutsch\">\n\t\t\t<\/div>\n\t\t\t<div class=\"player__body\">\n\t\t\t\t<div class=\"currently-playing\">\n\t\t\t\t\t<div class=\"show player__podcast-title\">\n\t\t\t\t\t\tGeschichten auf Deutsch\t\t\t\t\t<\/div>\n\t\t\t\t\t<div class=\"episode-title player__episode-title\">1. Zwillingsgeburt beim Pferd<\/div>\n\t\t\t\t<\/div>\n\t\t\t\t<div class=\"play-progress\">\n\t\t\t\t\t<div class=\"play-pause-controls\">\n\t\t\t\t\t\t<button title=\"Play\" class=\"play-btn\">\n\t\t\t\t\t\t\t<span class=\"screen-reader-text\">Play Episode<\/span>\n\t\t\t\t\t\t<\/button>\n\t\t\t\t\t\t<button title=\"Pause\" class=\"pause-btn hide\">\n\t\t\t\t\t\t\t<span class=\"screen-reader-text\">Pause Episode<\/span>\n\t\t\t\t\t\t<\/button>\n\t\t\t\t\t\t<img src=\"https:\/\/www.hestasaga.com\/wp-content\/plugins\/seriously-simple-podcasting\/assets\/css\/images\/player\/images\/icon-loader.svg\" alt=\"Loading\" class=\"ssp-loader hide\"\/>\n\t\t\t\t\t<\/div>\n\t\t\t\t\t<div>\n\t\t\t\t\t\t<audio preload=\"none\" class=\"clip clip-7045\">\n\t\t\t\t\t\t\t<source src=\"https:\/\/www.hestasaga.com\/wp-content\/uploads\/Zwillings-Podcast-Final.mp3\">\n\t\t\t\t\t\t<\/audio>\n\t\t\t\t\t\t<div class=\"ssp-progress\" role=\"progressbar\" title=\"Seek\">\n\t\t\t\t\t\t\t<span class=\"progress__filled\"><\/span>\n\t\t\t\t\t\t<\/div>\n\t\t\t\t\t\t<div class=\"ssp-playback playback\">\n\t\t\t\t\t\t\t<div class=\"playback__controls\">\n\t\t\t\t\t\t\t\t<button class=\"player-btn__volume\" title=\"Mute\/Unmute\">\n\t\t\t\t\t\t\t\t\t<span class=\"screen-reader-text\">Mute\/Unmute Episode<\/span>\n\t\t\t\t\t\t\t\t<\/button>\n\t\t\t\t\t\t\t\t<button data-skip=\"-10\" class=\"player-btn__rwd\" title=\"Rewind 10 seconds\">\n\t\t\t\t\t\t\t\t\t<span class=\"screen-reader-text\">Rewind 10 Seconds<\/span>\n\t\t\t\t\t\t\t\t<\/button>\n\t\t\t\t\t\t\t\t<button data-speed=\"1\" class=\"player-btn__speed\" title=\"Playback Speed\">1x<\/button>\n\t\t\t\t\t\t\t\t<button data-skip=\"30\" class=\"player-btn__fwd\" title=\"Fast Forward 30 seconds\">\n\t\t\t\t\t\t\t\t\t<span class=\"screen-reader-text\">Fast Forward 30 seconds<\/span>\n\t\t\t\t\t\t\t\t<\/button>\n\t\t\t\t\t\t\t<\/div>\n\t\t\t\t\t\t\t<div class=\"playback__timers\">\n\t\t\t\t\t\t\t\t<time class=\"ssp-timer\">00:00<\/time>\n\t\t\t\t\t\t\t\t<span>\/<\/span>\n\t\t\t\t\t\t\t\t<!-- We need actual duration here from the server -->\n\t\t\t\t\t\t\t\t<time class=\"ssp-duration\">21:00<\/time>\n\t\t\t\t\t\t\t<\/div>\n\t\t\t\t\t\t<\/div>\n\t\t\t\t\t<\/div>\n\t\t\t\t<\/div>\n\t\t\t\t\t\t\t\t\t<nav class=\"player-panels-nav\">\n\t\t\t\t\t\t\t\t\t\t\t\t\t<button class=\"subscribe-btn\" id=\"subscribe-btn-7045\" title=\"Subscribe\">Subscribe<\/button>\n\t\t\t\t\t\t\t\t\t\t\t\t\t\t\t\t\t\t\t<button class=\"share-btn\" id=\"share-btn-7045\" title=\"Share\">Share<\/button>\n\t\t\t\t\t\t\t\t\t\t\t<\/nav>\n\t\t\t\t\t\t\t<\/div>\n\t\t<\/div>\n\t<\/div>\n\t\t\t<div class=\"player-panels player-panels-7045\">\n\t\t\t\t\t\t\t<div class=\"subscribe player-panel subscribe-7045\">\n\t\t\t\t\t<div class=\"close-btn close-btn-7045\">\n\t\t\t\t\t\t<span><\/span>\n\t\t\t\t\t\t<span><\/span>\n\t\t\t\t\t<\/div>\n\t\t\t\t\t<div class=\"panel__inner\">\n\t\t\t\t\t\t<div class=\"subscribe-icons\">\n\t\t\t\t\t\t\t\t\t\t\t\t\t<\/div>\n\t\t\t\t\t\t<div class=\"player-panel-row\" area-label=\"RSS Feed URL\">\n\t\t\t\t\t\t\t<div class=\"title\">RSS Feed<\/div>\n\t\t\t\t\t\t\t<div>\n\t\t\t\t\t\t\t\t<input value=\"https:\/\/www.hestasaga.com\/de\/feed\/podcast\/geschichten-auf-deutsch\" class=\"input-rss input-rss-7045\" title=\"RSS Feed URL\" readonly \/>\n\t\t\t\t\t\t\t<\/div>\n\t\t\t\t\t\t\t<button class=\"copy-rss copy-rss-7045\" title=\"Copy RSS Feed URL\"><\/button>\n\t\t\t\t\t\t<\/div>\n\t\t\t\t\t<\/div>\n\t\t\t\t<\/div>\n\t\t\t\t\t\t\t\t\t\t<div class=\"share share-7045 player-panel\">\n\t\t\t\t\t<div class=\"close-btn close-btn-7045\">\n\t\t\t\t\t\t<span><\/span>\n\t\t\t\t\t\t<span><\/span>\n\t\t\t\t\t<\/div>\n\t\t\t\t\t<div class=\"player-panel-row\">\n\t\t\t\t\t\t<div class=\"title\">\n\t\t\t\t\t\t\tShare\t\t\t\t\t\t<\/div>\n\t\t\t\t\t\t<div class=\"icons-holder\">\n\t\t\t\t\t\t\t<a href=\"https:\/\/www.facebook.com\/sharer\/sharer.php?u=https:\/\/www.hestasaga.com\/de\/wp-json\/wp\/v2\/pages\/6183\/&t=1. Zwillingsgeburt beim Pferd\"\n\t\t\t\t\t\t\t   target=\"_blank\" rel=\"noopener noreferrer\" class=\"share-icon facebook\" title=\"Share on Facebook\">\n\t\t\t\t\t\t\t\t<span><\/span>\n\t\t\t\t\t\t\t<\/a>\n\t\t\t\t\t\t\t<a href=\"https:\/\/twitter.com\/intent\/tweet?text=https:\/\/www.hestasaga.com\/de\/wp-json\/wp\/v2\/pages\/6183\/&url=1. Zwillingsgeburt beim Pferd\"\n\t\t\t\t\t\t\t   target=\"_blank\" rel=\"noopener noreferrer\" class=\"share-icon twitter\" title=\"Share on Twitter\">\n\t\t\t\t\t\t\t\t<span><\/span>\n\t\t\t\t\t\t\t<\/a>\n\t\t\t\t\t\t\t<a href=\"https:\/\/www.hestasaga.com\/wp-content\/uploads\/Zwillings-Podcast-Final.mp3\"\n\t\t\t\t\t\t\t   target=\"_blank\" rel=\"noopener noreferrer\" class=\"share-icon download\" title=\"Download\" download>\n\t\t\t\t\t\t\t\t<span><\/span>\n\t\t\t\t\t\t\t<\/a>\n\t\t\t\t\t\t<\/div>\n\t\t\t\t\t<\/div>\n\t\t\t\t\t<div class=\"player-panel-row\">\n\t\t\t\t\t\t<div class=\"title\">\n\t\t\t\t\t\t\tLink\t\t\t\t\t\t<\/div>\n\t\t\t\t\t\t<div>\n\t\t\t\t\t\t\t<input value=\"https:\/\/www.hestasaga.com\/de\/wp-json\/wp\/v2\/pages\/6183\/\" class=\"input-link input-link-7045\" title=\"Episode URL\" readonly \/>\n\t\t\t\t\t\t<\/div>\n\t\t\t\t\t\t<button class=\"copy-link copy-link-7045\" title=\"Copy Episode URL\" readonly=\"\"><\/button>\n\t\t\t\t\t<\/div>\n\t\t\t\t\t<div class=\"player-panel-row\">\n\t\t\t\t\t\t<div class=\"title\">\n\t\t\t\t\t\t\tEmbed\t\t\t\t\t\t<\/div>\n\t\t\t\t\t\t<div style=\"height: 10px;\">\n\t\t\t\t\t\t\t<input type=\"text\" value='&lt;blockquote class=&quot;wp-embedded-content&quot; data-secret=&quot;BAshd8IrFa&quot;&gt;&lt;a href=&quot;https:\/\/www.hestasaga.com\/de\/podcasts\/&quot;&gt;Podcasts&lt;\/a&gt;&lt;\/blockquote&gt;&lt;iframe sandbox=&quot;allow-scripts&quot; security=&quot;restricted&quot; src=&quot;https:\/\/www.hestasaga.com\/de\/podcasts\/embed\/#?secret=BAshd8IrFa&quot; width=&quot;500&quot; height=&quot;350&quot; title=&quot;&#8222;Podcasts&#8220; &#8211; Hestasaga&quot; data-secret=&quot;BAshd8IrFa&quot; frameborder=&quot;0&quot; marginwidth=&quot;0&quot; marginheight=&quot;0&quot; scrolling=&quot;no&quot; class=&quot;wp-embedded-content&quot;&gt;&lt;\/iframe&gt;&lt;script type=&quot;text\/javascript&quot;&gt;\n\/*! This file is auto-generated *\/\n!function(c,d){&quot;use strict&quot;;var e=!1,o=!1;if(d.querySelector)if(c.addEventListener)e=!0;if(c.wp=c.wp||{},c.wp.receiveEmbedMessage);else if(c.wp.receiveEmbedMessage=function(e){var t=e.data;if(!t);else if(!(t.secret||t.message||t.value));else if(\/[^a-zA-Z0-9]\/.test(t.secret));else{for(var r,s,a,i=d.querySelectorAll(&#039;iframe[data-secret=&quot;&#039;+t.secret+&#039;&quot;]&#039;),n=d.querySelectorAll(&#039;blockquote[data-secret=&quot;&#039;+t.secret+&#039;&quot;]&#039;),o=new RegExp(&quot;^https?:$&quot;,&quot;i&quot;),l=0;l&lt;n.length;l++)n[l].style.display=&quot;none&quot;;for(l=0;l&lt;i.length;l++)if(r=i[l],e.source!==r.contentWindow);else{if(r.removeAttribute(&quot;style&quot;),&quot;height&quot;===t.message){if(1e3&lt;(s=parseInt(t.value,10)))s=1e3;else if(~~s&lt;200)s=200;r.height=s}if(&quot;link&quot;===t.message)if(s=d.createElement(&quot;a&quot;),a=d.createElement(&quot;a&quot;),s.href=r.getAttribute(&quot;src&quot;),a.href=t.value,!o.test(a.protocol));else if(a.host===s.host)if(d.activeElement===r)c.top.location.href=t.value}}},e)c.addEventListener(&quot;message&quot;,c.wp.receiveEmbedMessage,!1),d.addEventListener(&quot;DOMContentLoaded&quot;,t,!1),c.addEventListener(&quot;load&quot;,t,!1);function t(){if(o);else{o=!0;for(var e,t,r,s=-1!==navigator.appVersion.indexOf(&quot;MSIE 10&quot;),a=!!navigator.userAgent.match(\/Trident.*rv:11\\.\/),i=d.querySelectorAll(&quot;iframe.wp-embedded-content&quot;),n=0;n&lt;i.length;n++){if(!(r=(t=i[n]).getAttribute(&quot;data-secret&quot;)))r=Math.random().toString(36).substr(2,10),t.src+=&quot;#?secret=&quot;+r,t.setAttribute(&quot;data-secret&quot;,r);if(s||a)(e=t.cloneNode(!0)).removeAttribute(&quot;security&quot;),t.parentNode.replaceChild(e,t);t.contentWindow.postMessage({message:&quot;ready&quot;,secret:r},&quot;*&quot;)}}}}(window,document);\n&lt;\/script&gt;\n'\n\t\t\t\t\t\t\t\t   title=\"Embed Code\"\n\t\t\t\t\t\t\t\t   class=\"input-embed input-embed-7045\" readonly\/>\n\t\t\t\t\t\t<\/div>\n\t\t\t\t\t\t<button class=\"copy-embed copy-embed-7045\" title=\"Copy Embed Code\"><\/button>\n\t\t\t\t\t<\/div>\n\t\t\t\t<\/div>\n\t\t\t\t\t<\/div>\n\t\n\t\t\t<div class=\"playlist__wrapper\" data-page=\"1\">\n\t\t\t<div class=\"loader\"><\/div>\n\t\t\t<ul class=\"playlist__items\">\n\t\t\t\t\t\t\t\t\t<li class=\"playlist__item active\"\n\t\t\t\t\t\tdata-episode=\"7045\">\n\t\t\t\t\t\t<div class=\"playlist__item__cover\">\n\t\t\t\t\t\t\t<img src=\"https:\/\/www.hestasaga.com\/wp-content\/uploads\/podcast-img-150x150.jpg\" title=\"1. Zwillingsgeburt beim Pferd\" alt=\"1. Zwillingsgeburt beim Pferd\"\/>\n\t\t\t\t\t\t<\/div>\n\t\t\t\t\t\t<div class=\"playlist__item__details\">\n\t\t\t\t\t\t\t<h2 class=\"playlist__episode-title\" data-podcast=\"Geschichten auf Deutsch\">1. Zwillingsgeburt beim Pferd<\/h2>\n\t\t\t\t\t\t\t<p>Jun 16, 2020 \u2022 21:00<\/p>\n\t\t\t\t\t\t\t<p class=\"playlist__episode-description\">Die unglaubliche Geschichte einer Zwillingsgeburt im Schneesturm auf Island und die enge Freundschaft zwischen den Zwillingen.<\/p>\n\t\t\t\t\t\t<\/div>\n\t\t\t\t\t\t<audio preload=\"none\" class=\"clip clip-7045\">\n\t\t\t\t\t\t\t<source src=\"https:\/\/www.hestasaga.com\/wp-content\/uploads\/Zwillings-Podcast-Final.mp3\">\n\t\t\t\t\t\t<\/audio>\n\t\t\t\t\t<\/li>\n\t\t\t\t\t\t\t\t\t<li class=\"playlist__item\"\n\t\t\t\t\t\tdata-episode=\"7052\">\n\t\t\t\t\t\t<div class=\"playlist__item__cover\">\n\t\t\t\t\t\t\t<img src=\"https:\/\/www.hestasaga.com\/wp-content\/uploads\/podcast-img-150x150.jpg\" title=\"2. Leben und Tod liegen nah beieinander\" alt=\"2. Leben und Tod liegen nah beieinander\"\/>\n\t\t\t\t\t\t<\/div>\n\t\t\t\t\t\t<div class=\"playlist__item__details\">\n\t\t\t\t\t\t\t<h2 class=\"playlist__episode-title\" data-podcast=\"Geschichten auf Deutsch\">2. Leben und Tod liegen nah beieinander<\/h2>\n\t\t\t\t\t\t\t<p>Jun 16, 2020 \u2022 13:34<\/p>\n\t\t\t\t\t\t\t<p class=\"playlist__episode-description\">Jeder Pferdez\u00fcchter, der schon Mal eine Mutterstute verloren hat, wei\u00df wie schwer es ist, eine Ammenstute f\u00fcr das \u00fcbrig gebliebene Fohlen zu finden. Nich jede Stute nimmt ein fremdes Fohlen an, auch selbst nicht, wenn sie gerade ihr eigenes Fohlen verloren hat.In der folgenden Geschichte wird von einer gl\u00fccklichen Zusammenf\u00fchrung&hellip;<\/p>\n\t\t\t\t\t\t<\/div>\n\t\t\t\t\t\t<audio preload=\"none\" class=\"clip clip-7052\">\n\t\t\t\t\t\t\t<source src=\"https:\/\/www.hestasaga.com\/wp-content\/uploads\/Ammenstute_NEU_9032020-09.03.20-21.32.mp3\">\n\t\t\t\t\t\t<\/audio>\n\t\t\t\t\t<\/li>\n\t\t\t\t\t\t\t\t\t<li class=\"playlist__item\"\n\t\t\t\t\t\tdata-episode=\"7167\">\n\t\t\t\t\t\t<div class=\"playlist__item__cover\">\n\t\t\t\t\t\t\t<img src=\"https:\/\/www.hestasaga.com\/wp-content\/uploads\/podcast-img-150x150.jpg\" title=\"3. Intelligenz der Pferde\" alt=\"3. Intelligenz der Pferde\"\/>\n\t\t\t\t\t\t<\/div>\n\t\t\t\t\t\t<div class=\"playlist__item__details\">\n\t\t\t\t\t\t\t<h2 class=\"playlist__episode-title\" data-podcast=\"Geschichten auf Deutsch\">3. Intelligenz der Pferde<\/h2>\n\t\t\t\t\t\t\t<p>Jul 3, 2020 \u2022 52:05<\/p>\n\t\t\t\t\t\t\t<p class=\"playlist__episode-description\">Kann man die Intelligenz der Pferde f\u00f6rdern? Ist das Erlernte nur das Ergebnis von Erziehung und Diziplin? Mit welchen Mitteln kann man sein Pferd zur Mitarbeit motivieren?Anworten auf diese Fragen und vieles mehr gibt uns die horsemanship- Trainerin Natascha Chin in einem lockerem Gespr\u00e4ch in diesem Podcast. Dabei stellt sie&hellip;<\/p>\n\t\t\t\t\t\t<\/div>\n\t\t\t\t\t\t<audio preload=\"none\" class=\"clip clip-7167\">\n\t\t\t\t\t\t\t<source src=\"https:\/\/www.hestasaga.com\/wp-content\/uploads\/Podcast_NATASCHA_CHIN-02.07.20-17.48.mp3\">\n\t\t\t\t\t\t<\/audio>\n\t\t\t\t\t<\/li>\n\t\t\t\t\t\t\t<\/ul>\n\t\t<\/div>\n\t\n\n\t<\/div>\n<\/div>\n\t\t\t\t<\/div>\n\t\t\t\t<\/div>\n\t\t\t\t\t<\/div>\n\t\t<\/div>\n\t\t\t\t\t\t\t<\/div>\n\t\t<\/section>\n\t\t\t\t\t\t\t<\/div>\n\t\t","protected":false},"excerpt":{"rendered":"<p>Podcasts Jetzt neu:&nbsp;Podcasts von HestaSaga. Entdecken Sie auch: Kunst und Kultur und Panorama<\/p>\n","protected":false},"author":5,"featured_media":0,"parent":0,"menu_order":0,"comment_status":"closed","ping_status":"closed","template":"","meta":{"episode_type":"","audio_file":"","cover_image":"","cover_image_id":"","duration":"","filesize":"","date_recorded":"","explicit":"","block":"","filesize_raw":""},"acf":[],"yoast_head":"<!-- This site is optimized with the Yoast SEO plugin v19.7.1 - https:\/\/yoast.com\/wordpress\/plugins\/seo\/ -->\n<title>Podcasts - Hestasaga<\/title>\n<meta name=\"robots\" content=\"index, follow, max-snippet:-1, max-image-preview:large, max-video-preview:-1\" \/>\n<link rel=\"canonical\" href=\"https:\/\/www.hestasaga.com\/de\/podcasts\/\" \/>\n<meta property=\"og:locale\" content=\"de_DE\" \/>\n<meta property=\"og:type\" content=\"article\" \/>\n<meta property=\"og:title\" content=\"Podcasts - Hestasaga\" \/>\n<meta property=\"og:description\" content=\"Podcasts Jetzt neu:&nbsp;Podcasts von HestaSaga. Entdecken Sie auch: Kunst und Kultur und Panorama\" \/>\n<meta property=\"og:url\" content=\"https:\/\/www.hestasaga.com\/de\/podcasts\/\" \/>\n<meta property=\"og:site_name\" content=\"Hestasaga\" \/>\n<meta property=\"article:publisher\" content=\"https:\/\/www.facebook.com\/hestasaga\/\" \/>\n<meta property=\"article:modified_time\" content=\"2020-06-17T11:48:04+00:00\" \/>\n<meta name=\"twitter:card\" content=\"summary_large_image\" \/>\n<meta name=\"twitter:site\" content=\"@Hestasaga\" \/>\n<script type=\"application\/ld+json\" class=\"yoast-schema-graph\">{\"@context\":\"https:\/\/schema.org\",\"@graph\":[{\"@type\":\"WebPage\",\"@id\":\"https:\/\/www.hestasaga.com\/de\/podcasts\/\",\"url\":\"https:\/\/www.hestasaga.com\/de\/podcasts\/\",\"name\":\"Podcasts - Hestasaga\",\"isPartOf\":{\"@id\":\"https:\/\/www.hestasaga.com\/en\/#website\"},\"datePublished\":\"2020-03-05T07:13:28+00:00\",\"dateModified\":\"2020-06-17T11:48:04+00:00\",\"breadcrumb\":{\"@id\":\"https:\/\/www.hestasaga.com\/de\/podcasts\/#breadcrumb\"},\"inLanguage\":\"de\",\"potentialAction\":[{\"@type\":\"ReadAction\",\"target\":[\"https:\/\/www.hestasaga.com\/de\/podcasts\/\"]}]},{\"@type\":\"BreadcrumbList\",\"@id\":\"https:\/\/www.hestasaga.com\/de\/podcasts\/#breadcrumb\",\"itemListElement\":[{\"@type\":\"ListItem\",\"position\":1,\"name\":\"Startseite\",\"item\":\"https:\/\/www.hestasaga.com\/de\/\"},{\"@type\":\"ListItem\",\"position\":2,\"name\":\"Podcasts\"}]},{\"@type\":\"WebSite\",\"@id\":\"https:\/\/www.hestasaga.com\/en\/#website\",\"url\":\"https:\/\/www.hestasaga.com\/en\/\",\"name\":\"Hestasaga\",\"description\":\"\",\"publisher\":{\"@id\":\"https:\/\/www.hestasaga.com\/en\/#organization\"},\"potentialAction\":[{\"@type\":\"SearchAction\",\"target\":{\"@type\":\"EntryPoint\",\"urlTemplate\":\"https:\/\/www.hestasaga.com\/en\/?s={search_term_string}\"},\"query-input\":\"required name=search_term_string\"}],\"inLanguage\":\"de\"},{\"@type\":\"Organization\",\"@id\":\"https:\/\/www.hestasaga.com\/en\/#organization\",\"name\":\"HestaSaga\",\"url\":\"https:\/\/www.hestasaga.com\/en\/\",\"sameAs\":[\"https:\/\/www.instagram.com\/hestasaga\/\",\"https:\/\/www.facebook.com\/hestasaga\/\",\"https:\/\/twitter.com\/Hestasaga\"],\"logo\":{\"@type\":\"ImageObject\",\"inLanguage\":\"de\",\"@id\":\"https:\/\/www.hestasaga.com\/en\/#\/schema\/logo\/image\/\",\"url\":\"https:\/\/www.hestasaga.com\/wp-content\/uploads\/hestasaga_logo.png\",\"contentUrl\":\"https:\/\/www.hestasaga.com\/wp-content\/uploads\/hestasaga_logo.png\",\"width\":600,\"height\":214,\"caption\":\"HestaSaga\"},\"image\":{\"@id\":\"https:\/\/www.hestasaga.com\/en\/#\/schema\/logo\/image\/\"}}]}<\/script>\n<!-- \/ Yoast SEO plugin. -->","yoast_head_json":{"title":"Podcasts - Hestasaga","robots":{"index":"index","follow":"follow","max-snippet":"max-snippet:-1","max-image-preview":"max-image-preview:large","max-video-preview":"max-video-preview:-1"},"canonical":"https:\/\/www.hestasaga.com\/de\/podcasts\/","og_locale":"de_DE","og_type":"article","og_title":"Podcasts - Hestasaga","og_description":"Podcasts Jetzt neu:&nbsp;Podcasts von HestaSaga. Entdecken Sie auch: Kunst und Kultur und Panorama","og_url":"https:\/\/www.hestasaga.com\/de\/podcasts\/","og_site_name":"Hestasaga","article_publisher":"https:\/\/www.facebook.com\/hestasaga\/","article_modified_time":"2020-06-17T11:48:04+00:00","twitter_card":"summary_large_image","twitter_site":"@Hestasaga","schema":{"@context":"https:\/\/schema.org","@graph":[{"@type":"WebPage","@id":"https:\/\/www.hestasaga.com\/de\/podcasts\/","url":"https:\/\/www.hestasaga.com\/de\/podcasts\/","name":"Podcasts - Hestasaga","isPartOf":{"@id":"https:\/\/www.hestasaga.com\/en\/#website"},"datePublished":"2020-03-05T07:13:28+00:00","dateModified":"2020-06-17T11:48:04+00:00","breadcrumb":{"@id":"https:\/\/www.hestasaga.com\/de\/podcasts\/#breadcrumb"},"inLanguage":"de","potentialAction":[{"@type":"ReadAction","target":["https:\/\/www.hestasaga.com\/de\/podcasts\/"]}]},{"@type":"BreadcrumbList","@id":"https:\/\/www.hestasaga.com\/de\/podcasts\/#breadcrumb","itemListElement":[{"@type":"ListItem","position":1,"name":"Startseite","item":"https:\/\/www.hestasaga.com\/de\/"},{"@type":"ListItem","position":2,"name":"Podcasts"}]},{"@type":"WebSite","@id":"https:\/\/www.hestasaga.com\/en\/#website","url":"https:\/\/www.hestasaga.com\/en\/","name":"Hestasaga","description":"","publisher":{"@id":"https:\/\/www.hestasaga.com\/en\/#organization"},"potentialAction":[{"@type":"SearchAction","target":{"@type":"EntryPoint","urlTemplate":"https:\/\/www.hestasaga.com\/en\/?s={search_term_string}"},"query-input":"required name=search_term_string"}],"inLanguage":"de"},{"@type":"Organization","@id":"https:\/\/www.hestasaga.com\/en\/#organization","name":"HestaSaga","url":"https:\/\/www.hestasaga.com\/en\/","sameAs":["https:\/\/www.instagram.com\/hestasaga\/","https:\/\/www.facebook.com\/hestasaga\/","https:\/\/twitter.com\/Hestasaga"],"logo":{"@type":"ImageObject","inLanguage":"de","@id":"https:\/\/www.hestasaga.com\/en\/#\/schema\/logo\/image\/","url":"https:\/\/www.hestasaga.com\/wp-content\/uploads\/hestasaga_logo.png","contentUrl":"https:\/\/www.hestasaga.com\/wp-content\/uploads\/hestasaga_logo.png","width":600,"height":214,"caption":"HestaSaga"},"image":{"@id":"https:\/\/www.hestasaga.com\/en\/#\/schema\/logo\/image\/"}}]}},"_links":{"self":[{"href":"https:\/\/www.hestasaga.com\/de\/wp-json\/wp\/v2\/pages\/6183"}],"collection":[{"href":"https:\/\/www.hestasaga.com\/de\/wp-json\/wp\/v2\/pages"}],"about":[{"href":"https:\/\/www.hestasaga.com\/de\/wp-json\/wp\/v2\/types\/page"}],"author":[{"embeddable":true,"href":"https:\/\/www.hestasaga.com\/de\/wp-json\/wp\/v2\/users\/5"}],"replies":[{"embeddable":true,"href":"https:\/\/www.hestasaga.com\/de\/wp-json\/wp\/v2\/comments?post=6183"}],"version-history":[{"count":30,"href":"https:\/\/www.hestasaga.com\/de\/wp-json\/wp\/v2\/pages\/6183\/revisions"}],"predecessor-version":[{"id":7087,"href":"https:\/\/www.hestasaga.com\/de\/wp-json\/wp\/v2\/pages\/6183\/revisions\/7087"}],"wp:attachment":[{"href":"https:\/\/www.hestasaga.com\/de\/wp-json\/wp\/v2\/media?parent=6183"}],"curies":[{"name":"wp","href":"https:\/\/api.w.org\/{rel}","templated":true}]}}